{"id":103323,"date":"2025-05-23T15:10:48","date_gmt":"2025-05-23T18:10:48","guid":{"rendered":"https:\/\/fluency.io\/br\/?page_id=103323"},"modified":"2026-01-04T14:00:42","modified_gmt":"2026-01-04T17:00:42","slug":"curso-idiomas-paula-gabriela","status":"publish","type":"page","link":"https:\/\/fluency.io\/br\/curso-idiomas-paula-gabriela\/","title":{"rendered":"LP M\u00e9todo Garantido"},"content":{"rendered":"","protected":false},"excerpt":{"rendered":"","protected":false},"author":9,"featured_media":27584,"parent":0,"menu_order":0,"comment_status":"closed","ping_status":"closed","template":"template-lp-metodo-comprovado.php","meta":{"inline_featured_image":false,"footnotes":""},"class_list":["post-103323","page","type-page","status-publish","has-post-thumbnail","hentry"],"acf":[],"yoast_head":"<!-- This site is optimized with the Yoast SEO plugin v26.6 - https:\/\/yoast.com\/wordpress\/plugins\/seo\/ -->\n<title>M\u00e9todo garantido para falar ingl\u00eas mais r\u00e1pido | Fluency<\/title>\n<meta name=\"description\" content=\"Aprenda ingl\u00eas com um m\u00e9todo comprovado que acelera o aprendizado, com trilha guiada, conversa\u00e7\u00e3o ao vivo e app exclusivo.\" \/>\n<meta name=\"robots\" content=\"index, follow, max-snippet:-1, max-image-preview:large, max-video-preview:-1\" \/>\n<link rel=\"canonical\" href=\"https:\/\/fluency.io\/br\/curso-idiomas-paula-gabriela\/\" \/>\n<meta property=\"og:locale\" content=\"pt_BR\" \/>\n<meta property=\"og:type\" content=\"article\" \/>\n<meta property=\"og:title\" content=\"M\u00e9todo garantido para falar ingl\u00eas mais r\u00e1pido | Fluency\" \/>\n<meta property=\"og:description\" content=\"Aprenda ingl\u00eas com um m\u00e9todo comprovado que acelera o aprendizado, com trilha guiada, conversa\u00e7\u00e3o ao vivo e app exclusivo.\" \/>\n<meta property=\"og:url\" content=\"https:\/\/fluency.io\/br\/curso-idiomas-paula-gabriela\/\" \/>\n<meta property=\"og:site_name\" content=\"Fluency.io Brasil\" \/>\n<meta property=\"article:modified_time\" content=\"2026-01-04T17:00:42+00:00\" \/>\n<meta name=\"twitter:card\" content=\"summary_large_image\" \/>\n<script type=\"application\/ld+json\" class=\"yoast-schema-graph\">{\"@context\":\"https:\/\/schema.org\",\"@graph\":[{\"@type\":\"WebPage\",\"@id\":\"https:\/\/fluency.io\/br\/curso-idiomas-paula-gabriela\/\",\"url\":\"https:\/\/fluency.io\/br\/curso-idiomas-paula-gabriela\/\",\"name\":\"M\u00e9todo garantido para falar ingl\u00eas mais r\u00e1pido | Fluency\",\"isPartOf\":{\"@id\":\"https:\/\/fluency.io\/br\/#website\"},\"primaryImageOfPage\":{\"@id\":\"https:\/\/fluency.io\/br\/curso-idiomas-paula-gabriela\/#primaryimage\"},\"image\":{\"@id\":\"https:\/\/fluency.io\/br\/curso-idiomas-paula-gabriela\/#primaryimage\"},\"thumbnailUrl\":\"\",\"datePublished\":\"2025-05-23T18:10:48+00:00\",\"dateModified\":\"2026-01-04T17:00:42+00:00\",\"description\":\"Aprenda ingl\u00eas com um m\u00e9todo comprovado que acelera o aprendizado, com trilha guiada, conversa\u00e7\u00e3o ao vivo e app exclusivo.\",\"breadcrumb\":{\"@id\":\"https:\/\/fluency.io\/br\/curso-idiomas-paula-gabriela\/#breadcrumb\"},\"inLanguage\":\"pt-BR\",\"potentialAction\":[{\"@type\":\"ReadAction\",\"target\":[\"https:\/\/fluency.io\/br\/curso-idiomas-paula-gabriela\/\"]}]},{\"@type\":\"ImageObject\",\"inLanguage\":\"pt-BR\",\"@id\":\"https:\/\/fluency.io\/br\/curso-idiomas-paula-gabriela\/#primaryimage\",\"url\":\"\",\"contentUrl\":\"\",\"width\":1027,\"height\":420},{\"@type\":\"BreadcrumbList\",\"@id\":\"https:\/\/fluency.io\/br\/curso-idiomas-paula-gabriela\/#breadcrumb\",\"itemListElement\":[{\"@type\":\"ListItem\",\"position\":1,\"name\":\"Home\",\"item\":\"https:\/\/fluency.io\/br\/\"},{\"@type\":\"ListItem\",\"position\":2,\"name\":\"LP M\u00e9todo Garantido\"}]},{\"@type\":\"WebSite\",\"@id\":\"https:\/\/fluency.io\/br\/#website\",\"url\":\"https:\/\/fluency.io\/br\/\",\"name\":\"Fluency.io Brasil\",\"description\":\"\",\"potentialAction\":[{\"@type\":\"SearchAction\",\"target\":{\"@type\":\"EntryPoint\",\"urlTemplate\":\"https:\/\/fluency.io\/br\/?s={search_term_string}\"},\"query-input\":{\"@type\":\"PropertyValueSpecification\",\"valueRequired\":true,\"valueName\":\"search_term_string\"}}],\"inLanguage\":\"pt-BR\"}]}<\/script>\n<!-- \/ Yoast SEO plugin. -->","yoast_head_json":{"title":"M\u00e9todo garantido para falar ingl\u00eas mais r\u00e1pido | Fluency","description":"Aprenda ingl\u00eas com um m\u00e9todo comprovado que acelera o aprendizado, com trilha guiada, conversa\u00e7\u00e3o ao vivo e app exclusivo.","robots":{"index":"index","follow":"follow","max-snippet":"max-snippet:-1","max-image-preview":"max-image-preview:large","max-video-preview":"max-video-preview:-1"},"canonical":"https:\/\/fluency.io\/br\/curso-idiomas-paula-gabriela\/","og_locale":"pt_BR","og_type":"article","og_title":"M\u00e9todo garantido para falar ingl\u00eas mais r\u00e1pido | Fluency","og_description":"Aprenda ingl\u00eas com um m\u00e9todo comprovado que acelera o aprendizado, com trilha guiada, conversa\u00e7\u00e3o ao vivo e app exclusivo.","og_url":"https:\/\/fluency.io\/br\/curso-idiomas-paula-gabriela\/","og_site_name":"Fluency.io Brasil","article_modified_time":"2026-01-04T17:00:42+00:00","twitter_card":"summary_large_image","schema":{"@context":"https:\/\/schema.org","@graph":[{"@type":"WebPage","@id":"https:\/\/fluency.io\/br\/curso-idiomas-paula-gabriela\/","url":"https:\/\/fluency.io\/br\/curso-idiomas-paula-gabriela\/","name":"M\u00e9todo garantido para falar ingl\u00eas mais r\u00e1pido | Fluency","isPartOf":{"@id":"https:\/\/fluency.io\/br\/#website"},"primaryImageOfPage":{"@id":"https:\/\/fluency.io\/br\/curso-idiomas-paula-gabriela\/#primaryimage"},"image":{"@id":"https:\/\/fluency.io\/br\/curso-idiomas-paula-gabriela\/#primaryimage"},"thumbnailUrl":"","datePublished":"2025-05-23T18:10:48+00:00","dateModified":"2026-01-04T17:00:42+00:00","description":"Aprenda ingl\u00eas com um m\u00e9todo comprovado que acelera o aprendizado, com trilha guiada, conversa\u00e7\u00e3o ao vivo e app exclusivo.","breadcrumb":{"@id":"https:\/\/fluency.io\/br\/curso-idiomas-paula-gabriela\/#breadcrumb"},"inLanguage":"pt-BR","potentialAction":[{"@type":"ReadAction","target":["https:\/\/fluency.io\/br\/curso-idiomas-paula-gabriela\/"]}]},{"@type":"ImageObject","inLanguage":"pt-BR","@id":"https:\/\/fluency.io\/br\/curso-idiomas-paula-gabriela\/#primaryimage","url":"","contentUrl":"","width":1027,"height":420},{"@type":"BreadcrumbList","@id":"https:\/\/fluency.io\/br\/curso-idiomas-paula-gabriela\/#breadcrumb","itemListElement":[{"@type":"ListItem","position":1,"name":"Home","item":"https:\/\/fluency.io\/br\/"},{"@type":"ListItem","position":2,"name":"LP M\u00e9todo Garantido"}]},{"@type":"WebSite","@id":"https:\/\/fluency.io\/br\/#website","url":"https:\/\/fluency.io\/br\/","name":"Fluency.io Brasil","description":"","potentialAction":[{"@type":"SearchAction","target":{"@type":"EntryPoint","urlTemplate":"https:\/\/fluency.io\/br\/?s={search_term_string}"},"query-input":{"@type":"PropertyValueSpecification","valueRequired":true,"valueName":"search_term_string"}}],"inLanguage":"pt-BR"}]}},"_links":{"self":[{"href":"https:\/\/fluency.io\/br\/wp-json\/wp\/v2\/pages\/103323","targetHints":{"allow":["GET"]}}],"collection":[{"href":"https:\/\/fluency.io\/br\/wp-json\/wp\/v2\/pages"}],"about":[{"href":"https:\/\/fluency.io\/br\/wp-json\/wp\/v2\/types\/page"}],"author":[{"embeddable":true,"href":"https:\/\/fluency.io\/br\/wp-json\/wp\/v2\/users\/9"}],"replies":[{"embeddable":true,"href":"https:\/\/fluency.io\/br\/wp-json\/wp\/v2\/comments?post=103323"}],"version-history":[{"count":2,"href":"https:\/\/fluency.io\/br\/wp-json\/wp\/v2\/pages\/103323\/revisions"}],"predecessor-version":[{"id":105025,"href":"https:\/\/fluency.io\/br\/wp-json\/wp\/v2\/pages\/103323\/revisions\/105025"}],"wp:featuredmedia":[{"embeddable":true,"href":"https:\/\/fluency.io\/br\/wp-json\/"}],"wp:attachment":[{"href":"https:\/\/fluency.io\/br\/wp-json\/wp\/v2\/media?parent=103323"}],"curies":[{"name":"wp","href":"https:\/\/api.w.org\/{rel}","templated":true}]}}