{"id":70465,"date":"2024-02-09T13:55:55","date_gmt":"2024-02-09T13:55:55","guid":{"rendered":"https:\/\/fluency.io\/br\/?page_id=70465"},"modified":"2026-01-04T18:45:24","modified_gmt":"2026-01-04T21:45:24","slug":"cursos","status":"publish","type":"page","link":"https:\/\/fluency.io\/br\/cursos\/","title":{"rendered":"Cursos"},"content":{"rendered":"","protected":false},"excerpt":{"rendered":"","protected":false},"author":9,"featured_media":27603,"parent":0,"menu_order":0,"comment_status":"closed","ping_status":"closed","template":"template-idiomas.php","meta":{"inline_featured_image":false,"footnotes":""},"class_list":["post-70465","page","type-page","status-publish","has-post-thumbnail","hentry"],"acf":[],"yoast_head":"<!-- This site is optimized with the Yoast SEO plugin v26.6 - https:\/\/yoast.com\/wordpress\/plugins\/seo\/ -->\n<title>Cursos de Idiomas da Fluency<\/title>\n<meta name=\"description\" content=\"Conhe\u00e7a todos os cursos de idiomas da Fluency Academy, a maior escola de idiomas da Am\u00e9rica Latina. Entre para a pr\u00f3xima turma!\" \/>\n<meta name=\"robots\" content=\"index, follow, max-snippet:-1, max-image-preview:large, max-video-preview:-1\" \/>\n<link rel=\"canonical\" href=\"https:\/\/fluency.io\/br\/cursos\/\" \/>\n<meta property=\"og:locale\" content=\"pt_BR\" \/>\n<meta property=\"og:type\" content=\"article\" \/>\n<meta property=\"og:title\" content=\"Cursos de Idiomas da Fluency\" \/>\n<meta property=\"og:description\" content=\"Conhe\u00e7a todos os cursos de idiomas da Fluency Academy, a maior escola de idiomas da Am\u00e9rica Latina. Entre para a pr\u00f3xima turma!\" \/>\n<meta property=\"og:url\" content=\"https:\/\/fluency.io\/br\/cursos\/\" \/>\n<meta property=\"og:site_name\" content=\"Fluency.io Brasil\" \/>\n<meta property=\"article:modified_time\" content=\"2026-01-04T21:45:24+00:00\" \/>\n<meta name=\"twitter:card\" content=\"summary_large_image\" \/>\n<meta name=\"twitter:label1\" content=\"Est. tempo de leitura\" \/>\n\t<meta name=\"twitter:data1\" content=\"3 minutos\" \/>\n<script type=\"application\/ld+json\" class=\"yoast-schema-graph\">{\"@context\":\"https:\/\/schema.org\",\"@graph\":[{\"@type\":\"WebPage\",\"@id\":\"https:\/\/fluency.io\/br\/cursos\/\",\"url\":\"https:\/\/fluency.io\/br\/cursos\/\",\"name\":\"Cursos de Idiomas da Fluency\",\"isPartOf\":{\"@id\":\"https:\/\/fluency.io\/br\/#website\"},\"primaryImageOfPage\":{\"@id\":\"https:\/\/fluency.io\/br\/cursos\/#primaryimage\"},\"image\":{\"@id\":\"https:\/\/fluency.io\/br\/cursos\/#primaryimage\"},\"thumbnailUrl\":\"\",\"datePublished\":\"2024-02-09T13:55:55+00:00\",\"dateModified\":\"2026-01-04T21:45:24+00:00\",\"description\":\"Conhe\u00e7a todos os cursos de idiomas da Fluency Academy, a maior escola de idiomas da Am\u00e9rica Latina. Entre para a pr\u00f3xima turma!\",\"breadcrumb\":{\"@id\":\"https:\/\/fluency.io\/br\/cursos\/#breadcrumb\"},\"inLanguage\":\"pt-BR\",\"potentialAction\":[{\"@type\":\"ReadAction\",\"target\":[\"https:\/\/fluency.io\/br\/cursos\/\"]}]},{\"@type\":\"ImageObject\",\"inLanguage\":\"pt-BR\",\"@id\":\"https:\/\/fluency.io\/br\/cursos\/#primaryimage\",\"url\":\"\",\"contentUrl\":\"\",\"width\":1027,\"height\":420},{\"@type\":\"BreadcrumbList\",\"@id\":\"https:\/\/fluency.io\/br\/cursos\/#breadcrumb\",\"itemListElement\":[{\"@type\":\"ListItem\",\"position\":1,\"name\":\"Home\",\"item\":\"https:\/\/fluency.io\/br\/\"},{\"@type\":\"ListItem\",\"position\":2,\"name\":\"Cursos\"}]},{\"@type\":\"WebSite\",\"@id\":\"https:\/\/fluency.io\/br\/#website\",\"url\":\"https:\/\/fluency.io\/br\/\",\"name\":\"Fluency Academy\",\"description\":\"\",\"potentialAction\":[{\"@type\":\"SearchAction\",\"target\":{\"@type\":\"EntryPoint\",\"urlTemplate\":\"https:\/\/fluency.io\/br\/?s={search_term_string}\"},\"query-input\":{\"@type\":\"PropertyValueSpecification\",\"valueRequired\":true,\"valueName\":\"search_term_string\"}}],\"inLanguage\":\"pt-BR\"}]}<\/script>\n<!-- \/ Yoast SEO plugin. -->","yoast_head_json":{"title":"Cursos de Idiomas da Fluency","description":"Conhe\u00e7a todos os cursos de idiomas da Fluency Academy, a maior escola de idiomas da Am\u00e9rica Latina. Entre para a pr\u00f3xima turma!","robots":{"index":"index","follow":"follow","max-snippet":"max-snippet:-1","max-image-preview":"max-image-preview:large","max-video-preview":"max-video-preview:-1"},"canonical":"https:\/\/fluency.io\/br\/cursos\/","og_locale":"pt_BR","og_type":"article","og_title":"Cursos de Idiomas da Fluency","og_description":"Conhe\u00e7a todos os cursos de idiomas da Fluency Academy, a maior escola de idiomas da Am\u00e9rica Latina. Entre para a pr\u00f3xima turma!","og_url":"https:\/\/fluency.io\/br\/cursos\/","og_site_name":"Fluency.io Brasil","article_modified_time":"2026-01-04T21:45:24+00:00","twitter_card":"summary_large_image","twitter_misc":{"Est. tempo de leitura":"3 minutos"},"schema":{"@context":"https:\/\/schema.org","@graph":[{"@type":"WebPage","@id":"https:\/\/fluency.io\/br\/cursos\/","url":"https:\/\/fluency.io\/br\/cursos\/","name":"Cursos de Idiomas da Fluency","isPartOf":{"@id":"https:\/\/fluency.io\/br\/#website"},"primaryImageOfPage":{"@id":"https:\/\/fluency.io\/br\/cursos\/#primaryimage"},"image":{"@id":"https:\/\/fluency.io\/br\/cursos\/#primaryimage"},"thumbnailUrl":"","datePublished":"2024-02-09T13:55:55+00:00","dateModified":"2026-01-04T21:45:24+00:00","description":"Conhe\u00e7a todos os cursos de idiomas da Fluency Academy, a maior escola de idiomas da Am\u00e9rica Latina. Entre para a pr\u00f3xima turma!","breadcrumb":{"@id":"https:\/\/fluency.io\/br\/cursos\/#breadcrumb"},"inLanguage":"pt-BR","potentialAction":[{"@type":"ReadAction","target":["https:\/\/fluency.io\/br\/cursos\/"]}]},{"@type":"ImageObject","inLanguage":"pt-BR","@id":"https:\/\/fluency.io\/br\/cursos\/#primaryimage","url":"","contentUrl":"","width":1027,"height":420},{"@type":"BreadcrumbList","@id":"https:\/\/fluency.io\/br\/cursos\/#breadcrumb","itemListElement":[{"@type":"ListItem","position":1,"name":"Home","item":"https:\/\/fluency.io\/br\/"},{"@type":"ListItem","position":2,"name":"Cursos"}]},{"@type":"WebSite","@id":"https:\/\/fluency.io\/br\/#website","url":"https:\/\/fluency.io\/br\/","name":"Fluency Academy","description":"","potentialAction":[{"@type":"SearchAction","target":{"@type":"EntryPoint","urlTemplate":"https:\/\/fluency.io\/br\/?s={search_term_string}"},"query-input":{"@type":"PropertyValueSpecification","valueRequired":true,"valueName":"search_term_string"}}],"inLanguage":"pt-BR"}]}},"_links":{"self":[{"href":"https:\/\/fluency.io\/br\/wp-json\/wp\/v2\/pages\/70465","targetHints":{"allow":["GET"]}}],"collection":[{"href":"https:\/\/fluency.io\/br\/wp-json\/wp\/v2\/pages"}],"about":[{"href":"https:\/\/fluency.io\/br\/wp-json\/wp\/v2\/types\/page"}],"author":[{"embeddable":true,"href":"https:\/\/fluency.io\/br\/wp-json\/wp\/v2\/users\/9"}],"replies":[{"embeddable":true,"href":"https:\/\/fluency.io\/br\/wp-json\/wp\/v2\/comments?post=70465"}],"version-history":[{"count":12,"href":"https:\/\/fluency.io\/br\/wp-json\/wp\/v2\/pages\/70465\/revisions"}],"predecessor-version":[{"id":201242,"href":"https:\/\/fluency.io\/br\/wp-json\/wp\/v2\/pages\/70465\/revisions\/201242"}],"wp:featuredmedia":[{"embeddable":true,"href":"https:\/\/fluency.io\/br\/wp-json\/"}],"wp:attachment":[{"href":"https:\/\/fluency.io\/br\/wp-json\/wp\/v2\/media?parent=70465"}],"curies":[{"name":"wp","href":"https:\/\/api.w.org\/{rel}","templated":true}]}}