{"id":73496,"date":"2024-04-19T17:49:08","date_gmt":"2024-04-19T17:49:08","guid":{"rendered":"https:\/\/fluency.io\/br\/?page_id=73496"},"modified":"2026-03-12T15:11:29","modified_gmt":"2026-03-12T18:11:29","slug":"alemao","status":"publish","type":"page","link":"https:\/\/fluency.io\/br\/cursos\/alemao\/","title":{"rendered":"Curso de Alem\u00e3o"},"content":{"rendered":"","protected":false},"excerpt":{"rendered":"","protected":false},"author":9,"featured_media":27607,"parent":70465,"menu_order":0,"comment_status":"closed","ping_status":"closed","template":"template-cursos-geral.php","meta":{"inline_featured_image":false,"footnotes":""},"class_list":["post-73496","page","type-page","status-publish","has-post-thumbnail","hentry"],"acf":[],"yoast_head":"<!-- This site is optimized with the Yoast SEO plugin v26.6 - https:\/\/yoast.com\/wordpress\/plugins\/seo\/ -->\n<title>Curso de Alem\u00e3o Online: do b\u00e1sico ao Avan\u00e7ado | 2026<\/title>\n<meta name=\"description\" content=\"Aprenda alem\u00e3o do b\u00e1sico ao avan\u00e7ado na Fluency. Professores experientes, aulas online, certificado e m\u00e9todo pr\u00e1tico e eficiente.\" \/>\n<meta name=\"robots\" content=\"index, follow, max-snippet:-1, max-image-preview:large, max-video-preview:-1\" \/>\n<link rel=\"canonical\" href=\"https:\/\/fluency.io\/br\/cursos\/alemao\/\" \/>\n<meta property=\"og:locale\" content=\"pt_BR\" \/>\n<meta property=\"og:type\" content=\"article\" \/>\n<meta property=\"og:title\" content=\"Curso de Alem\u00e3o Online: do b\u00e1sico ao Avan\u00e7ado | 2026\" \/>\n<meta property=\"og:description\" content=\"Aprenda alem\u00e3o do b\u00e1sico ao avan\u00e7ado na Fluency. Professores experientes, aulas online, certificado e m\u00e9todo pr\u00e1tico e eficiente.\" \/>\n<meta property=\"og:url\" content=\"https:\/\/fluency.io\/br\/cursos\/alemao\/\" \/>\n<meta property=\"og:site_name\" content=\"Fluency.io Brasil\" \/>\n<meta property=\"article:modified_time\" content=\"2026-03-12T18:11:29+00:00\" \/>\n<meta name=\"twitter:card\" content=\"summary_large_image\" \/>\n<meta name=\"twitter:label1\" content=\"Est. tempo de leitura\" \/>\n\t<meta name=\"twitter:data1\" content=\"9 minutos\" \/>\n<script type=\"application\/ld+json\" class=\"yoast-schema-graph\">{\"@context\":\"https:\/\/schema.org\",\"@graph\":[{\"@type\":\"WebPage\",\"@id\":\"https:\/\/fluency.io\/br\/cursos\/alemao\/\",\"url\":\"https:\/\/fluency.io\/br\/cursos\/alemao\/\",\"name\":\"Curso de Alem\u00e3o Online: do b\u00e1sico ao Avan\u00e7ado | 2026\",\"isPartOf\":{\"@id\":\"https:\/\/fluency.io\/br\/#website\"},\"primaryImageOfPage\":{\"@id\":\"https:\/\/fluency.io\/br\/cursos\/alemao\/#primaryimage\"},\"image\":{\"@id\":\"https:\/\/fluency.io\/br\/cursos\/alemao\/#primaryimage\"},\"thumbnailUrl\":\"\",\"datePublished\":\"2024-04-19T17:49:08+00:00\",\"dateModified\":\"2026-03-12T18:11:29+00:00\",\"description\":\"Aprenda alem\u00e3o do b\u00e1sico ao avan\u00e7ado na Fluency. Professores experientes, aulas online, certificado e m\u00e9todo pr\u00e1tico e eficiente.\",\"breadcrumb\":{\"@id\":\"https:\/\/fluency.io\/br\/cursos\/alemao\/#breadcrumb\"},\"inLanguage\":\"pt-BR\",\"potentialAction\":[{\"@type\":\"ReadAction\",\"target\":[\"https:\/\/fluency.io\/br\/cursos\/alemao\/\"]}]},{\"@type\":\"ImageObject\",\"inLanguage\":\"pt-BR\",\"@id\":\"https:\/\/fluency.io\/br\/cursos\/alemao\/#primaryimage\",\"url\":\"\",\"contentUrl\":\"\",\"width\":1027,\"height\":420},{\"@type\":\"BreadcrumbList\",\"@id\":\"https:\/\/fluency.io\/br\/cursos\/alemao\/#breadcrumb\",\"itemListElement\":[{\"@type\":\"ListItem\",\"position\":1,\"name\":\"Home\",\"item\":\"https:\/\/fluency.io\/br\/\"},{\"@type\":\"ListItem\",\"position\":2,\"name\":\"Cursos\",\"item\":\"https:\/\/fluency.io\/br\/cursos\/\"},{\"@type\":\"ListItem\",\"position\":3,\"name\":\"Curso de Alem\u00e3o\"}]},{\"@type\":\"WebSite\",\"@id\":\"https:\/\/fluency.io\/br\/#website\",\"url\":\"https:\/\/fluency.io\/br\/\",\"name\":\"Fluency.io Brasil\",\"description\":\"\",\"potentialAction\":[{\"@type\":\"SearchAction\",\"target\":{\"@type\":\"EntryPoint\",\"urlTemplate\":\"https:\/\/fluency.io\/br\/?s={search_term_string}\"},\"query-input\":{\"@type\":\"PropertyValueSpecification\",\"valueRequired\":true,\"valueName\":\"search_term_string\"}}],\"inLanguage\":\"pt-BR\"}]}<\/script>\n<!-- \/ Yoast SEO plugin. -->","yoast_head_json":{"title":"Curso de Alem\u00e3o Online: do b\u00e1sico ao Avan\u00e7ado | 2026","description":"Aprenda alem\u00e3o do b\u00e1sico ao avan\u00e7ado na Fluency. Professores experientes, aulas online, certificado e m\u00e9todo pr\u00e1tico e eficiente.","robots":{"index":"index","follow":"follow","max-snippet":"max-snippet:-1","max-image-preview":"max-image-preview:large","max-video-preview":"max-video-preview:-1"},"canonical":"https:\/\/fluency.io\/br\/cursos\/alemao\/","og_locale":"pt_BR","og_type":"article","og_title":"Curso de Alem\u00e3o Online: do b\u00e1sico ao Avan\u00e7ado | 2026","og_description":"Aprenda alem\u00e3o do b\u00e1sico ao avan\u00e7ado na Fluency. Professores experientes, aulas online, certificado e m\u00e9todo pr\u00e1tico e eficiente.","og_url":"https:\/\/fluency.io\/br\/cursos\/alemao\/","og_site_name":"Fluency.io Brasil","article_modified_time":"2026-03-12T18:11:29+00:00","twitter_card":"summary_large_image","twitter_misc":{"Est. tempo de leitura":"9 minutos"},"schema":{"@context":"https:\/\/schema.org","@graph":[{"@type":"WebPage","@id":"https:\/\/fluency.io\/br\/cursos\/alemao\/","url":"https:\/\/fluency.io\/br\/cursos\/alemao\/","name":"Curso de Alem\u00e3o Online: do b\u00e1sico ao Avan\u00e7ado | 2026","isPartOf":{"@id":"https:\/\/fluency.io\/br\/#website"},"primaryImageOfPage":{"@id":"https:\/\/fluency.io\/br\/cursos\/alemao\/#primaryimage"},"image":{"@id":"https:\/\/fluency.io\/br\/cursos\/alemao\/#primaryimage"},"thumbnailUrl":"","datePublished":"2024-04-19T17:49:08+00:00","dateModified":"2026-03-12T18:11:29+00:00","description":"Aprenda alem\u00e3o do b\u00e1sico ao avan\u00e7ado na Fluency. Professores experientes, aulas online, certificado e m\u00e9todo pr\u00e1tico e eficiente.","breadcrumb":{"@id":"https:\/\/fluency.io\/br\/cursos\/alemao\/#breadcrumb"},"inLanguage":"pt-BR","potentialAction":[{"@type":"ReadAction","target":["https:\/\/fluency.io\/br\/cursos\/alemao\/"]}]},{"@type":"ImageObject","inLanguage":"pt-BR","@id":"https:\/\/fluency.io\/br\/cursos\/alemao\/#primaryimage","url":"","contentUrl":"","width":1027,"height":420},{"@type":"BreadcrumbList","@id":"https:\/\/fluency.io\/br\/cursos\/alemao\/#breadcrumb","itemListElement":[{"@type":"ListItem","position":1,"name":"Home","item":"https:\/\/fluency.io\/br\/"},{"@type":"ListItem","position":2,"name":"Cursos","item":"https:\/\/fluency.io\/br\/cursos\/"},{"@type":"ListItem","position":3,"name":"Curso de Alem\u00e3o"}]},{"@type":"WebSite","@id":"https:\/\/fluency.io\/br\/#website","url":"https:\/\/fluency.io\/br\/","name":"Fluency.io Brasil","description":"","potentialAction":[{"@type":"SearchAction","target":{"@type":"EntryPoint","urlTemplate":"https:\/\/fluency.io\/br\/?s={search_term_string}"},"query-input":{"@type":"PropertyValueSpecification","valueRequired":true,"valueName":"search_term_string"}}],"inLanguage":"pt-BR"}]}},"_links":{"self":[{"href":"https:\/\/fluency.io\/br\/wp-json\/wp\/v2\/pages\/73496","targetHints":{"allow":["GET"]}}],"collection":[{"href":"https:\/\/fluency.io\/br\/wp-json\/wp\/v2\/pages"}],"about":[{"href":"https:\/\/fluency.io\/br\/wp-json\/wp\/v2\/types\/page"}],"author":[{"embeddable":true,"href":"https:\/\/fluency.io\/br\/wp-json\/wp\/v2\/users\/9"}],"replies":[{"embeddable":true,"href":"https:\/\/fluency.io\/br\/wp-json\/wp\/v2\/comments?post=73496"}],"version-history":[{"count":26,"href":"https:\/\/fluency.io\/br\/wp-json\/wp\/v2\/pages\/73496\/revisions"}],"predecessor-version":[{"id":201636,"href":"https:\/\/fluency.io\/br\/wp-json\/wp\/v2\/pages\/73496\/revisions\/201636"}],"up":[{"embeddable":true,"href":"https:\/\/fluency.io\/br\/wp-json\/wp\/v2\/pages\/70465"}],"wp:featuredmedia":[{"embeddable":true,"href":"https:\/\/fluency.io\/br\/wp-json\/"}],"wp:attachment":[{"href":"https:\/\/fluency.io\/br\/wp-json\/wp\/v2\/media?parent=73496"}],"curies":[{"name":"wp","href":"https:\/\/api.w.org\/{rel}","templated":true}]}}