{"id":77384,"date":"2024-05-27T11:55:30","date_gmt":"2024-05-27T11:55:30","guid":{"rendered":"https:\/\/fluency.io\/br\/?page_id=77384"},"modified":"2026-05-11T15:01:38","modified_gmt":"2026-05-11T18:01:38","slug":"corporate","status":"publish","type":"page","link":"https:\/\/fluency.io\/br\/corporate\/","title":{"rendered":"Fluency para Empresas"},"content":{"rendered":"\n<style>\n    #block_63443942559143de9b1dbcde77ec0cce.section-banner-skills {\n        padding: 120px 0px 0px 0px;\n        background: #ffffff;\n    }\n<\/style>\n\n<section id=\"block_63443942559143de9b1dbcde77ec0cce\" class=\"section section-banner-skills premium \" data-scroller=\"corporate-hero\">\n            \n            <div class=\"section-banner-skills__wrapper flex-row\">\n            <div class=\"col-strech-desc\">\n                <div class=\"column column-description default\" style=\"color: #000000\">\n                    <p><img decoding=\"async\" class=\"alignnone wp-image-202324 size-full\" src=\"https:\/\/fluency.io\/br\/wp-content\/uploads\/sites\/3\/2026\/05\/icons-title-corporate.png\" alt=\"\" width=\"228\" height=\"54\" srcset=\"https:\/\/fluency.io\/br\/wp-content\/uploads\/sites\/3\/2026\/05\/icons-title-corporate.png 228w, https:\/\/fluency.io\/br\/wp-content\/uploads\/sites\/3\/2026\/05\/icons-title-corporate-150x36.png 150w\" sizes=\"(max-width: 228px) 100vw, 228px\" \/><\/p>\n<h2>Pare de investir em treinamentos <strong>que n\u00e3o impactam nos resultados<\/strong> da sua empresa.<\/h2>\n<p>A Fluency para Empresas desenha o desenvolvimento estrat\u00e9gico do seu time alinhado ao momento do seu neg\u00f3cio, conectando o aprendizado de idiomas, skills, lideran\u00e7a e sa\u00fade mental aos indicadores que realmente importam.<\/p>\n\n                    <div class=\"acf-innerblocks-container\"><\/div>\n\n                    \n        <a href=\"#corporate-proposal\" class=\"cta cta-scroller\" data-ref=\"#corporate-proposal\">\n            Quero gerar mais resultado com meu time\n        <\/a>\n                    <\/div>\n            <\/div>\n\n            <div class=\"col-strech-image\">\n                <div class=\"column column-image\">\n                    <img fetchpriority=\"high\" decoding=\"async\" width=\"1067\" height=\"794\" src=\"https:\/\/fluency.io\/br\/wp-content\/uploads\/sites\/3\/2026\/05\/hova-hero-corporate.jpg\" class=\"attachment-full size-full\" alt=\"\" loading=\"eager\" srcset=\"https:\/\/fluency.io\/br\/wp-content\/uploads\/sites\/3\/2026\/05\/hova-hero-corporate.jpg 1067w, https:\/\/fluency.io\/br\/wp-content\/uploads\/sites\/3\/2026\/05\/hova-hero-corporate-300x223.jpg 300w, https:\/\/fluency.io\/br\/wp-content\/uploads\/sites\/3\/2026\/05\/hova-hero-corporate-1024x762.jpg 1024w, https:\/\/fluency.io\/br\/wp-content\/uploads\/sites\/3\/2026\/05\/hova-hero-corporate-768x572.jpg 768w, https:\/\/fluency.io\/br\/wp-content\/uploads\/sites\/3\/2026\/05\/hova-hero-corporate-150x112.jpg 150w\" sizes=\"(max-width: 1067px) 100vw, 1067px\" \/>                <\/div>\n            <\/div>\n        <\/div>\n    <\/section>\n\n\n<style>\n    #block_c25be54ab7c73527298a2fd7a2a71a7f.section-content-bar {\n    \tborder-radius: px;\n        padding: 30px 0px 30px 0px;\n        background: var(--color-white);\n    }\n\n\t#block_c25be54ab7c73527298a2fd7a2a71a7f.section-content-bar h2,\n\t#block_c25be54ab7c73527298a2fd7a2a71a7f.section-content-bar h3,\n\t#block_c25be54ab7c73527298a2fd7a2a71a7f.section-content-bar p {\n\t\t\n\t}\n<\/style>\n\n<div id=\"block_c25be54ab7c73527298a2fd7a2a71a7f\" class=\"section section-content-bar \" data-scroller=\"\">\n\t<div class=\"container-sm\">\n\t\t<div class=\"section-content-bar--text\" style=\"color: #FFF\">\n\t\t\t\t\t<\/div>\n\t<\/div>\n\t\n\t\t\t<div class=\"section-content-bar--partners\">\n\t\t\t<img decoding=\"async\" width=\"242\" height=\"95\" src=\"https:\/\/fluency.io\/br\/wp-content\/uploads\/sites\/3\/2026\/05\/parceiro-hotmart.png\" class=\"attachment-full size-full\" alt=\"\" srcset=\"https:\/\/fluency.io\/br\/wp-content\/uploads\/sites\/3\/2026\/05\/parceiro-hotmart.png 242w, https:\/\/fluency.io\/br\/wp-content\/uploads\/sites\/3\/2026\/05\/parceiro-hotmart-150x59.png 150w\" sizes=\"(max-width: 242px) 100vw, 242px\" \/><img decoding=\"async\" width=\"242\" height=\"95\" src=\"https:\/\/fluency.io\/br\/wp-content\/uploads\/sites\/3\/2026\/05\/parceiro-rentcars.png\" class=\"attachment-full size-full\" alt=\"\" srcset=\"https:\/\/fluency.io\/br\/wp-content\/uploads\/sites\/3\/2026\/05\/parceiro-rentcars.png 242w, https:\/\/fluency.io\/br\/wp-content\/uploads\/sites\/3\/2026\/05\/parceiro-rentcars-150x59.png 150w\" sizes=\"(max-width: 242px) 100vw, 242px\" \/><img decoding=\"async\" width=\"242\" height=\"95\" src=\"https:\/\/fluency.io\/br\/wp-content\/uploads\/sites\/3\/2026\/05\/parceiro-rioterra.png\" class=\"attachment-full size-full\" alt=\"\" srcset=\"https:\/\/fluency.io\/br\/wp-content\/uploads\/sites\/3\/2026\/05\/parceiro-rioterra.png 242w, https:\/\/fluency.io\/br\/wp-content\/uploads\/sites\/3\/2026\/05\/parceiro-rioterra-150x59.png 150w\" sizes=\"(max-width: 242px) 100vw, 242px\" \/><img decoding=\"async\" width=\"242\" height=\"95\" src=\"https:\/\/fluency.io\/br\/wp-content\/uploads\/sites\/3\/2026\/05\/parceiro-tractian.png\" class=\"attachment-full size-full\" alt=\"\" srcset=\"https:\/\/fluency.io\/br\/wp-content\/uploads\/sites\/3\/2026\/05\/parceiro-tractian.png 242w, https:\/\/fluency.io\/br\/wp-content\/uploads\/sites\/3\/2026\/05\/parceiro-tractian-150x59.png 150w\" sizes=\"(max-width: 242px) 100vw, 242px\" \/><img decoding=\"async\" width=\"242\" height=\"95\" src=\"https:\/\/fluency.io\/br\/wp-content\/uploads\/sites\/3\/2026\/05\/parceiro-educacao-adventista.png\" class=\"attachment-full size-full\" alt=\"\" srcset=\"https:\/\/fluency.io\/br\/wp-content\/uploads\/sites\/3\/2026\/05\/parceiro-educacao-adventista.png 242w, https:\/\/fluency.io\/br\/wp-content\/uploads\/sites\/3\/2026\/05\/parceiro-educacao-adventista-150x59.png 150w\" sizes=\"(max-width: 242px) 100vw, 242px\" \/>\t\t<\/div>\n\t\n\t<div class=\"container-sm\">\n\t\t<div class=\"section-content-bar--text\">\n\t\t\t\t\t<\/div>\n\t<\/div>\n<\/div>\n\n\n<style>\n    #block_085a1411ec635c86ed03c1831644f81b.section-container {\n        margin: 0;\n        padding: 70px 0px 70px 0px;\n        background: #ffffff;\n    }\n\n    #block_085a1411ec635c86ed03c1831644f81b.section-container .initial-content * {\n        color: #000000;\n    }\n\n    @media screen and (max-width: 767px) {\n        #block_085a1411ec635c86ed03c1831644f81b.section-container {\n            padding: 35px 0px 35px 0px;\n        }\n    }\n<\/style>\n\n<section id=\"block_085a1411ec635c86ed03c1831644f81b\" class=\"section section-container \" data-scroller=\"\">\n    <div class=\"container-sm\">    \n                    <div class=\"initial-content\">\n                <h2 style=\"text-align: center;\"><strong>Desenhado para empresas<\/strong> que sabem que desenvolvimento s\u00f3 \u00e9 estrat\u00e9gia quando gera resultado.<\/h2>\n            <\/div>\n            <\/div>\n\n    <div class=\"acf-innerblocks-container\">\n\n<style>\n    #block_02076b2f50339d51756d9d4b1ef08519.section-b2b-cards .section-b2b-cards--group .card-item * {\n        color: #000000 !important;\n    }\n    \n<\/style>\n\n<div id=\"block_02076b2f50339d51756d9d4b1ef08519\" class=\"section section-b2b-cards  cards-text-left\" data-scroller=\"\">\n    <div class=\"container\">\n        <div class=\"section-b2b-cards--group\" style=\"grid-template-columns: repeat(3, 1fr);\">\n                            <div class=\"card-item\" style=\"background: #e8e3ff; flex-direction: column; align-items: flex-start\">\n                    <img decoding=\"async\" width=\"47\" height=\"55\" src=\"https:\/\/fluency.io\/br\/wp-content\/uploads\/sites\/3\/2026\/05\/icon-maleta.png\" class=\"attachment-full size-full\" alt=\"\" \/>\n                                            <h4><strong>RHs<br> Estrat\u00e9gicos<\/strong> <\/h4>\n                                        \n                    <p>Que querem sair da gest\u00e3o manual e ganhar previsibilidade com dados.<\/p>\n                <\/div>\n                            <div class=\"card-item\" style=\"background: #e8e3ff; flex-direction: column; align-items: flex-start\">\n                    <img decoding=\"async\" width=\"50\" height=\"27\" src=\"https:\/\/fluency.io\/br\/wp-content\/uploads\/sites\/3\/2026\/05\/icon-parceiros.png\" class=\"attachment-full size-full\" alt=\"\" \/>\n                                            <h4><strong>Diretorias <br>focadas em ROI<\/strong> <\/h4>\n                                        \n                    <p>Que exigem impacto mensur\u00e1vel em reten\u00e7\u00e3o, performance e expans\u00e3o.<\/p>\n                <\/div>\n                            <div class=\"card-item\" style=\"background: #e8e3ff; flex-direction: column; align-items: flex-start\">\n                    <img decoding=\"async\" width=\"50\" height=\"38\" src=\"https:\/\/fluency.io\/br\/wp-content\/uploads\/sites\/3\/2026\/05\/icon-aviao-de-papel.png\" class=\"attachment-full size-full\" alt=\"\u00cdcone - avi\u00e3o de papel\" \/>\n                                            <h4><strong>Empresas em <br>crescimento<\/strong> <\/h4>\n                                        \n                    <p>Que precisam estruturar flu\u00eancia, lideran\u00e7a e governan\u00e7a para escalar.<\/p>\n                <\/div>\n                    <\/div>\n    <\/div>\n<\/div>\n<\/div>\n<\/section>\n\n\n<style>\n    #block_5a4aa045bdec9ff4a1de5e7e7339a376.section-container {\n        margin: 0px 0px 1px 0px;\n        padding: 70px 0px 70px 0px;\n        background: #ffffff;\n    }\n\n    #block_5a4aa045bdec9ff4a1de5e7e7339a376.section-container .initial-content * {\n        color: #000000;\n    }\n\n    @media screen and (max-width: 767px) {\n        #block_5a4aa045bdec9ff4a1de5e7e7339a376.section-container {\n            padding: 35px 0px 35px 0px;\n        }\n    }\n<\/style>\n\n<section id=\"block_5a4aa045bdec9ff4a1de5e7e7339a376\" class=\"section section-container \" data-scroller=\"corporate-proposal\">\n    <div class=\"container-sm\">    \n                    <div class=\"initial-content\">\n                <h2 style=\"text-align: center;\">Especialistas em cada pilar para <strong>transformar desenvolvimento em resultado real.<\/strong><\/h2>\n            <\/div>\n            <\/div>\n\n    <div class=\"acf-innerblocks-container\">\n\n<div style=\"height:53px\" aria-hidden=\"true\" class=\"wp-block-spacer\"><\/div>\n\n\n\n<div id=\"block_84f936bcb9a3a65fb4b5bea37370a62b\" class=\"section section-h-text-image no-padding\" data-scroller=\"\">\n    <div class=\"container\">\n        <div class=\"section--columns nogap\">\n\n            \n                \n                \n                <div class=\"item focus larger equal\" style=\"background-color: #6f47e5\">\n                    <div class=\"image\">\n                        <img decoding=\"async\" width=\"648\" height=\"528\" src=\"https:\/\/fluency.io\/br\/wp-content\/uploads\/sites\/3\/2026\/05\/thumb-languages-v2.png\" class=\"attachment-full size-full\" alt=\"\" srcset=\"https:\/\/fluency.io\/br\/wp-content\/uploads\/sites\/3\/2026\/05\/thumb-languages-v2.png 648w, https:\/\/fluency.io\/br\/wp-content\/uploads\/sites\/3\/2026\/05\/thumb-languages-v2-300x244.png 300w, https:\/\/fluency.io\/br\/wp-content\/uploads\/sites\/3\/2026\/05\/thumb-languages-v2-150x122.png 150w\" sizes=\"(max-width: 648px) 100vw, 648px\" \/>                    <\/div>\n\n                    <div class=\"details\" style=\"color: #ffffff\">\n                        <p class=\"font-boldonse\" style=\"border-radius: 10px; border: 1px solid #FFF; padding: 8px 14px; max-width: fit-content;\"><img decoding=\"async\" class=\"alignnone size-full wp-image-202310\" style=\"margin-right: 8px; display: inline-block;\" src=\"https:\/\/fluency.io\/br\/wp-content\/uploads\/sites\/3\/2026\/05\/icon-world.png\" alt=\"\u00cdcone do mundo\" width=\"28\" height=\"28\" \/> Idiomas<\/p>\n<h2>Metodologia<br \/>\nExclusiva<\/h2>\n<p>de acelera\u00e7\u00e3o, possibilidade de<br \/>\nprofessores fixos e foco em aplica\u00e7\u00e3o real.<\/p>\n                        \n        <a href=\"https:\/\/fluency.io\/br\/corporate\/sync\/\" class=\"cta light-purple\">\n            Conhe\u00e7a o Fluency Idiomas\n        <\/a>\n                        <\/div>\n                <\/div>\n            \n                \n                \n                <div class=\"item reverse focus larger equal\" style=\"background-color: #320361\">\n                    <div class=\"image\">\n                        <img decoding=\"async\" width=\"648\" height=\"528\" src=\"https:\/\/fluency.io\/br\/wp-content\/uploads\/sites\/3\/2026\/05\/thumb-skills-v2.png\" class=\"attachment-full size-full\" alt=\"\" srcset=\"https:\/\/fluency.io\/br\/wp-content\/uploads\/sites\/3\/2026\/05\/thumb-skills-v2.png 648w, https:\/\/fluency.io\/br\/wp-content\/uploads\/sites\/3\/2026\/05\/thumb-skills-v2-300x244.png 300w, https:\/\/fluency.io\/br\/wp-content\/uploads\/sites\/3\/2026\/05\/thumb-skills-v2-150x122.png 150w\" sizes=\"(max-width: 648px) 100vw, 648px\" \/>                    <\/div>\n\n                    <div class=\"details\" style=\"color: #ffffff\">\n                        <p class=\"font-boldonse\" style=\"border-radius: 10px; border: 1px solid #FFF; padding: 8px 14px; max-width: fit-content;\"><img decoding=\"async\" class=\"alignnone size-full wp-image-202309\" style=\"margin-right: 8px; display: inline-block;\" src=\"https:\/\/fluency.io\/br\/wp-content\/uploads\/sites\/3\/2026\/05\/icon-stars.png\" alt=\"\u00cdcone de estrelas\" width=\"30\" height=\"30\" \/> Skills<\/p>\n<h2>Mentores que<br \/>\natuam no mercado<\/h2>\n<p>com experi\u00eancia pr\u00e1tica em lideran\u00e7a e<br \/>\ngest\u00e3o, al\u00e9m de cursos de desenvolvimento<br \/>\npessoal e profissional.<\/p>\n                        \n        <a href=\"https:\/\/fluency.io\/br\/corporate\/skills\/\" class=\"cta light-purple\">\n            Conhe\u00e7a o Fluency Skills\n        <\/a>\n                        <\/div>\n                <\/div>\n            \n                \n                \n                <div class=\"item focus larger equal\" style=\"background-color: #8b75ff\">\n                    <div class=\"image\">\n                        <img decoding=\"async\" width=\"648\" height=\"528\" src=\"https:\/\/fluency.io\/br\/wp-content\/uploads\/sites\/3\/2026\/05\/thumb-wellness-v2.png\" class=\"attachment-full size-full\" alt=\"\" srcset=\"https:\/\/fluency.io\/br\/wp-content\/uploads\/sites\/3\/2026\/05\/thumb-wellness-v2.png 648w, https:\/\/fluency.io\/br\/wp-content\/uploads\/sites\/3\/2026\/05\/thumb-wellness-v2-300x244.png 300w, https:\/\/fluency.io\/br\/wp-content\/uploads\/sites\/3\/2026\/05\/thumb-wellness-v2-150x122.png 150w\" sizes=\"(max-width: 648px) 100vw, 648px\" \/>                    <\/div>\n\n                    <div class=\"details\" style=\"color: #ffffff\">\n                        <p class=\"font-boldonse\" style=\"border-radius: 10px; border: 1px solid #FFF; padding: 8px 14px; max-width: fit-content;\"><img decoding=\"async\" class=\"alignnone size-full wp-image-202319\" style=\"margin-right: 8px; display: inline-block;\" src=\"https:\/\/fluency.io\/br\/wp-content\/uploads\/sites\/3\/2026\/05\/icon-heart.png\" alt=\"\u00cdcone de cora\u00e7\u00e3o\" width=\"24\" height=\"25\" \/> Wellness<\/p>\n<h2>Psic\u00f3logos especializados<\/h2>\n<p>em contexto corporativo e<br \/>\nexig\u00eancias regulat\u00f3rias<\/p>\n                        \n        <a href=\"https:\/\/fluency.io\/br\/corporate\/wellness\/\" class=\"cta light-purple\">\n            Conhe\u00e7a o Fluency Wellness\n        <\/a>\n                        <\/div>\n                <\/div>\n            \n        <\/div>\n    <\/div>\n<\/div>\n<\/div>\n<\/section>\n\n\n<div style=\"height:60px\" aria-hidden=\"true\" class=\"wp-block-spacer\"><\/div>\n","protected":false},"excerpt":{"rendered":"","protected":false},"author":9,"featured_media":27866,"parent":0,"menu_order":0,"comment_status":"closed","ping_status":"closed","template":"template-corporate.php","meta":{"inline_featured_image":false,"footnotes":""},"class_list":["post-77384","page","type-page","status-publish","has-post-thumbnail","hentry"],"acf":[],"yoast_head":"<!-- This site is optimized with the Yoast SEO plugin v27.4 - https:\/\/yoast.com\/product\/yoast-seo-wordpress\/ -->\n<title>Fluency Corporate | Ingl\u00eas corporativo para empresas globais<\/title>\n<meta name=\"description\" content=\"Conhe\u00e7a o Fluency Corporate e desenvolva o ingl\u00eas do seu time com foco em carreira, performance e atua\u00e7\u00e3o global.\" \/>\n<meta name=\"robots\" content=\"index, follow, max-snippet:-1, max-image-preview:large, max-video-preview:-1\" \/>\n<link rel=\"canonical\" href=\"https:\/\/fluency.io\/br\/corporate\/\" \/>\n<meta property=\"og:locale\" content=\"pt_BR\" \/>\n<meta property=\"og:type\" content=\"article\" \/>\n<meta property=\"og:title\" content=\"Fluency Corporate | Ingl\u00eas corporativo para empresas globais\" \/>\n<meta property=\"og:description\" content=\"Conhe\u00e7a o Fluency Corporate e desenvolva o ingl\u00eas do seu time com foco em carreira, performance e atua\u00e7\u00e3o global.\" \/>\n<meta property=\"og:url\" content=\"https:\/\/fluency.io\/br\/corporate\/\" \/>\n<meta property=\"og:site_name\" content=\"Fluency.io Brasil\" \/>\n<meta property=\"article:modified_time\" content=\"2026-05-11T18:01:38+00:00\" \/>\n<meta name=\"twitter:card\" content=\"summary_large_image\" \/>\n<meta name=\"twitter:label1\" content=\"Est. tempo de leitura\" \/>\n\t<meta name=\"twitter:data1\" content=\"5 minutos\" \/>\n<script type=\"application\/ld+json\" class=\"yoast-schema-graph\">{\"@context\":\"https:\\\/\\\/schema.org\",\"@graph\":[{\"@type\":\"WebPage\",\"@id\":\"https:\\\/\\\/fluency.io\\\/br\\\/corporate\\\/\",\"url\":\"https:\\\/\\\/fluency.io\\\/br\\\/corporate\\\/\",\"name\":\"Fluency Corporate | Ingl\u00eas corporativo para empresas globais\",\"isPartOf\":{\"@id\":\"https:\\\/\\\/fluency.io\\\/br\\\/#website\"},\"primaryImageOfPage\":{\"@id\":\"https:\\\/\\\/fluency.io\\\/br\\\/corporate\\\/#primaryimage\"},\"image\":{\"@id\":\"https:\\\/\\\/fluency.io\\\/br\\\/corporate\\\/#primaryimage\"},\"thumbnailUrl\":\"\",\"datePublished\":\"2024-05-27T11:55:30+00:00\",\"dateModified\":\"2026-05-11T18:01:38+00:00\",\"description\":\"Conhe\u00e7a o Fluency Corporate e desenvolva o ingl\u00eas do seu time com foco em carreira, performance e atua\u00e7\u00e3o global.\",\"breadcrumb\":{\"@id\":\"https:\\\/\\\/fluency.io\\\/br\\\/corporate\\\/#breadcrumb\"},\"inLanguage\":\"pt-BR\",\"potentialAction\":[{\"@type\":\"ReadAction\",\"target\":[\"https:\\\/\\\/fluency.io\\\/br\\\/corporate\\\/\"]}]},{\"@type\":\"ImageObject\",\"inLanguage\":\"pt-BR\",\"@id\":\"https:\\\/\\\/fluency.io\\\/br\\\/corporate\\\/#primaryimage\",\"url\":\"\",\"contentUrl\":\"\",\"width\":1027,\"height\":420},{\"@type\":\"BreadcrumbList\",\"@id\":\"https:\\\/\\\/fluency.io\\\/br\\\/corporate\\\/#breadcrumb\",\"itemListElement\":[{\"@type\":\"ListItem\",\"position\":1,\"name\":\"Home\",\"item\":\"https:\\\/\\\/fluency.io\\\/br\\\/\"},{\"@type\":\"ListItem\",\"position\":2,\"name\":\"Fluency para Empresas\"}]},{\"@type\":\"WebSite\",\"@id\":\"https:\\\/\\\/fluency.io\\\/br\\\/#website\",\"url\":\"https:\\\/\\\/fluency.io\\\/br\\\/\",\"name\":\"Fluency Academy\",\"description\":\"\",\"potentialAction\":[{\"@type\":\"SearchAction\",\"target\":{\"@type\":\"EntryPoint\",\"urlTemplate\":\"https:\\\/\\\/fluency.io\\\/br\\\/?s={search_term_string}\"},\"query-input\":{\"@type\":\"PropertyValueSpecification\",\"valueRequired\":true,\"valueName\":\"search_term_string\"}}],\"inLanguage\":\"pt-BR\"}]}<\/script>\n<!-- \/ Yoast SEO plugin. -->","yoast_head_json":{"title":"Fluency Corporate | Ingl\u00eas corporativo para empresas globais","description":"Conhe\u00e7a o Fluency Corporate e desenvolva o ingl\u00eas do seu time com foco em carreira, performance e atua\u00e7\u00e3o global.","robots":{"index":"index","follow":"follow","max-snippet":"max-snippet:-1","max-image-preview":"max-image-preview:large","max-video-preview":"max-video-preview:-1"},"canonical":"https:\/\/fluency.io\/br\/corporate\/","og_locale":"pt_BR","og_type":"article","og_title":"Fluency Corporate | Ingl\u00eas corporativo para empresas globais","og_description":"Conhe\u00e7a o Fluency Corporate e desenvolva o ingl\u00eas do seu time com foco em carreira, performance e atua\u00e7\u00e3o global.","og_url":"https:\/\/fluency.io\/br\/corporate\/","og_site_name":"Fluency.io Brasil","article_modified_time":"2026-05-11T18:01:38+00:00","twitter_card":"summary_large_image","twitter_misc":{"Est. tempo de leitura":"5 minutos"},"schema":{"@context":"https:\/\/schema.org","@graph":[{"@type":"WebPage","@id":"https:\/\/fluency.io\/br\/corporate\/","url":"https:\/\/fluency.io\/br\/corporate\/","name":"Fluency Corporate | Ingl\u00eas corporativo para empresas globais","isPartOf":{"@id":"https:\/\/fluency.io\/br\/#website"},"primaryImageOfPage":{"@id":"https:\/\/fluency.io\/br\/corporate\/#primaryimage"},"image":{"@id":"https:\/\/fluency.io\/br\/corporate\/#primaryimage"},"thumbnailUrl":"","datePublished":"2024-05-27T11:55:30+00:00","dateModified":"2026-05-11T18:01:38+00:00","description":"Conhe\u00e7a o Fluency Corporate e desenvolva o ingl\u00eas do seu time com foco em carreira, performance e atua\u00e7\u00e3o global.","breadcrumb":{"@id":"https:\/\/fluency.io\/br\/corporate\/#breadcrumb"},"inLanguage":"pt-BR","potentialAction":[{"@type":"ReadAction","target":["https:\/\/fluency.io\/br\/corporate\/"]}]},{"@type":"ImageObject","inLanguage":"pt-BR","@id":"https:\/\/fluency.io\/br\/corporate\/#primaryimage","url":"","contentUrl":"","width":1027,"height":420},{"@type":"BreadcrumbList","@id":"https:\/\/fluency.io\/br\/corporate\/#breadcrumb","itemListElement":[{"@type":"ListItem","position":1,"name":"Home","item":"https:\/\/fluency.io\/br\/"},{"@type":"ListItem","position":2,"name":"Fluency para Empresas"}]},{"@type":"WebSite","@id":"https:\/\/fluency.io\/br\/#website","url":"https:\/\/fluency.io\/br\/","name":"Fluency Academy","description":"","potentialAction":[{"@type":"SearchAction","target":{"@type":"EntryPoint","urlTemplate":"https:\/\/fluency.io\/br\/?s={search_term_string}"},"query-input":{"@type":"PropertyValueSpecification","valueRequired":true,"valueName":"search_term_string"}}],"inLanguage":"pt-BR"}]}},"_links":{"self":[{"href":"https:\/\/fluency.io\/br\/wp-json\/wp\/v2\/pages\/77384","targetHints":{"allow":["GET"]}}],"collection":[{"href":"https:\/\/fluency.io\/br\/wp-json\/wp\/v2\/pages"}],"about":[{"href":"https:\/\/fluency.io\/br\/wp-json\/wp\/v2\/types\/page"}],"author":[{"embeddable":true,"href":"https:\/\/fluency.io\/br\/wp-json\/wp\/v2\/users\/9"}],"replies":[{"embeddable":true,"href":"https:\/\/fluency.io\/br\/wp-json\/wp\/v2\/comments?post=77384"}],"version-history":[{"count":11,"href":"https:\/\/fluency.io\/br\/wp-json\/wp\/v2\/pages\/77384\/revisions"}],"predecessor-version":[{"id":202472,"href":"https:\/\/fluency.io\/br\/wp-json\/wp\/v2\/pages\/77384\/revisions\/202472"}],"wp:featuredmedia":[{"embeddable":true,"href":"https:\/\/fluency.io\/br\/wp-json\/"}],"wp:attachment":[{"href":"https:\/\/fluency.io\/br\/wp-json\/wp\/v2\/media?parent=77384"}],"curies":[{"name":"wp","href":"https:\/\/api.w.org\/{rel}","templated":true}]}}