{"id":403,"date":"2023-11-22T13:43:42","date_gmt":"2023-11-22T13:43:42","guid":{"rendered":"https:\/\/fluency.io\/es\/faq\/"},"modified":"2025-01-17T11:21:24","modified_gmt":"2025-01-17T11:21:24","slug":"faq","status":"publish","type":"page","link":"https:\/\/fluency.io\/es\/faq\/","title":{"rendered":"FAQ"},"content":{"rendered":"","protected":false},"excerpt":{"rendered":"","protected":false},"author":6,"featured_media":0,"parent":0,"menu_order":0,"comment_status":"open","ping_status":"closed","template":"page-faq.php","meta":{"inline_featured_image":false,"footnotes":""},"class_list":["post-403","page","type-page","status-publish","hentry"],"acf":[],"yoast_head":"<!-- This site is optimized with the Yoast SEO plugin v26.6 - https:\/\/yoast.com\/wordpress\/plugins\/seo\/ -->\n<title>Preguntas frecuentes | Resuelve tus dudas con Fluency Academy<\/title>\n<meta name=\"description\" content=\"Encuentra respuestas a tus preguntas sobre cursos, inscripciones y m\u00e1s. Todo lo que necesitas saber est\u00e1 aqu\u00ed. \u00a1Consulta ahora!\" \/>\n<meta name=\"robots\" content=\"index, follow, max-snippet:-1, max-image-preview:large, max-video-preview:-1\" \/>\n<link rel=\"canonical\" href=\"https:\/\/fluency.io\/es\/faq\/\" \/>\n<meta property=\"og:locale\" content=\"es_ES\" \/>\n<meta property=\"og:type\" content=\"article\" \/>\n<meta property=\"og:title\" content=\"Preguntas frecuentes | Resuelve tus dudas con Fluency Academy\" \/>\n<meta property=\"og:description\" content=\"Encuentra respuestas a tus preguntas sobre cursos, inscripciones y m\u00e1s. Todo lo que necesitas saber est\u00e1 aqu\u00ed. \u00a1Consulta ahora!\" \/>\n<meta property=\"og:url\" content=\"https:\/\/fluency.io\/es\/faq\/\" \/>\n<meta property=\"og:site_name\" content=\"Fluency.io Espanhol\" \/>\n<meta property=\"article:modified_time\" content=\"2025-01-17T11:21:24+00:00\" \/>\n<meta name=\"twitter:card\" content=\"summary_large_image\" \/>\n<script type=\"application\/ld+json\" class=\"yoast-schema-graph\">{\"@context\":\"https:\/\/schema.org\",\"@graph\":[{\"@type\":\"WebPage\",\"@id\":\"https:\/\/fluency.io\/es\/faq\/\",\"url\":\"https:\/\/fluency.io\/es\/faq\/\",\"name\":\"Preguntas frecuentes | Resuelve tus dudas con Fluency Academy\",\"isPartOf\":{\"@id\":\"https:\/\/fluency.io\/es\/#website\"},\"datePublished\":\"2023-11-22T13:43:42+00:00\",\"dateModified\":\"2025-01-17T11:21:24+00:00\",\"description\":\"Encuentra respuestas a tus preguntas sobre cursos, inscripciones y m\u00e1s. Todo lo que necesitas saber est\u00e1 aqu\u00ed. \u00a1Consulta ahora!\",\"breadcrumb\":{\"@id\":\"https:\/\/fluency.io\/es\/faq\/#breadcrumb\"},\"inLanguage\":\"es\",\"potentialAction\":[{\"@type\":\"ReadAction\",\"target\":[\"https:\/\/fluency.io\/es\/faq\/\"]}]},{\"@type\":\"BreadcrumbList\",\"@id\":\"https:\/\/fluency.io\/es\/faq\/#breadcrumb\",\"itemListElement\":[{\"@type\":\"ListItem\",\"position\":1,\"name\":\"Home\",\"item\":\"https:\/\/fluency.io\/es\/\"},{\"@type\":\"ListItem\",\"position\":2,\"name\":\"FAQ\"}]},{\"@type\":\"WebSite\",\"@id\":\"https:\/\/fluency.io\/es\/#website\",\"url\":\"https:\/\/fluency.io\/es\/\",\"name\":\"Fluency.io Espanhol\",\"description\":\"\",\"potentialAction\":[{\"@type\":\"SearchAction\",\"target\":{\"@type\":\"EntryPoint\",\"urlTemplate\":\"https:\/\/fluency.io\/es\/?s={search_term_string}\"},\"query-input\":{\"@type\":\"PropertyValueSpecification\",\"valueRequired\":true,\"valueName\":\"search_term_string\"}}],\"inLanguage\":\"es\"}]}<\/script>\n<!-- \/ Yoast SEO plugin. -->","yoast_head_json":{"title":"Preguntas frecuentes | Resuelve tus dudas con Fluency Academy","description":"Encuentra respuestas a tus preguntas sobre cursos, inscripciones y m\u00e1s. Todo lo que necesitas saber est\u00e1 aqu\u00ed. \u00a1Consulta ahora!","robots":{"index":"index","follow":"follow","max-snippet":"max-snippet:-1","max-image-preview":"max-image-preview:large","max-video-preview":"max-video-preview:-1"},"canonical":"https:\/\/fluency.io\/es\/faq\/","og_locale":"es_ES","og_type":"article","og_title":"Preguntas frecuentes | Resuelve tus dudas con Fluency Academy","og_description":"Encuentra respuestas a tus preguntas sobre cursos, inscripciones y m\u00e1s. Todo lo que necesitas saber est\u00e1 aqu\u00ed. \u00a1Consulta ahora!","og_url":"https:\/\/fluency.io\/es\/faq\/","og_site_name":"Fluency.io Espanhol","article_modified_time":"2025-01-17T11:21:24+00:00","twitter_card":"summary_large_image","schema":{"@context":"https:\/\/schema.org","@graph":[{"@type":"WebPage","@id":"https:\/\/fluency.io\/es\/faq\/","url":"https:\/\/fluency.io\/es\/faq\/","name":"Preguntas frecuentes | Resuelve tus dudas con Fluency Academy","isPartOf":{"@id":"https:\/\/fluency.io\/es\/#website"},"datePublished":"2023-11-22T13:43:42+00:00","dateModified":"2025-01-17T11:21:24+00:00","description":"Encuentra respuestas a tus preguntas sobre cursos, inscripciones y m\u00e1s. Todo lo que necesitas saber est\u00e1 aqu\u00ed. \u00a1Consulta ahora!","breadcrumb":{"@id":"https:\/\/fluency.io\/es\/faq\/#breadcrumb"},"inLanguage":"es","potentialAction":[{"@type":"ReadAction","target":["https:\/\/fluency.io\/es\/faq\/"]}]},{"@type":"BreadcrumbList","@id":"https:\/\/fluency.io\/es\/faq\/#breadcrumb","itemListElement":[{"@type":"ListItem","position":1,"name":"Home","item":"https:\/\/fluency.io\/es\/"},{"@type":"ListItem","position":2,"name":"FAQ"}]},{"@type":"WebSite","@id":"https:\/\/fluency.io\/es\/#website","url":"https:\/\/fluency.io\/es\/","name":"Fluency.io Espanhol","description":"","potentialAction":[{"@type":"SearchAction","target":{"@type":"EntryPoint","urlTemplate":"https:\/\/fluency.io\/es\/?s={search_term_string}"},"query-input":{"@type":"PropertyValueSpecification","valueRequired":true,"valueName":"search_term_string"}}],"inLanguage":"es"}]}},"_links":{"self":[{"href":"https:\/\/fluency.io\/es\/wp-json\/wp\/v2\/pages\/403","targetHints":{"allow":["GET"]}}],"collection":[{"href":"https:\/\/fluency.io\/es\/wp-json\/wp\/v2\/pages"}],"about":[{"href":"https:\/\/fluency.io\/es\/wp-json\/wp\/v2\/types\/page"}],"author":[{"embeddable":true,"href":"https:\/\/fluency.io\/es\/wp-json\/wp\/v2\/users\/6"}],"replies":[{"embeddable":true,"href":"https:\/\/fluency.io\/es\/wp-json\/wp\/v2\/comments?post=403"}],"version-history":[{"count":4,"href":"https:\/\/fluency.io\/es\/wp-json\/wp\/v2\/pages\/403\/revisions"}],"predecessor-version":[{"id":48561,"href":"https:\/\/fluency.io\/es\/wp-json\/wp\/v2\/pages\/403\/revisions\/48561"}],"wp:attachment":[{"href":"https:\/\/fluency.io\/es\/wp-json\/wp\/v2\/media?parent=403"}],"curies":[{"name":"wp","href":"https:\/\/api.w.org\/{rel}","templated":true}]}}