{"id":51415,"date":"2024-05-06T19:23:44","date_gmt":"2024-05-06T19:23:44","guid":{"rendered":"https:\/\/fluency.io\/es\/?page_id=51415"},"modified":"2025-01-17T10:11:56","modified_gmt":"2025-01-17T10:11:56","slug":"cursos","status":"publish","type":"page","link":"https:\/\/fluency.io\/es\/cursos\/","title":{"rendered":"Cursos"},"content":{"rendered":"","protected":false},"excerpt":{"rendered":"","protected":false},"author":5,"featured_media":0,"parent":0,"menu_order":0,"comment_status":"closed","ping_status":"closed","template":"templates-latam\/template-home-cursos.php","meta":{"inline_featured_image":false,"footnotes":""},"class_list":["post-51415","page","type-page","status-publish","hentry"],"acf":[],"yoast_head":"<!-- This site is optimized with the Yoast SEO plugin v26.6 - https:\/\/yoast.com\/wordpress\/plugins\/seo\/ -->\n<title>Cursos de idiomas en l\u00ednea | Aprende con Fluency Academy<\/title>\n<meta name=\"description\" content=\"Descubre cursos de idiomas en l\u00ednea con Fluency Academy. Aprende f\u00e1cil y r\u00e1pido. \u00a1Inscr\u00edbete y comienza hoy mismo!\" \/>\n<meta name=\"robots\" content=\"index, follow, max-snippet:-1, max-image-preview:large, max-video-preview:-1\" \/>\n<link rel=\"canonical\" href=\"https:\/\/fluency.io\/es\/cursos\/\" \/>\n<meta property=\"og:locale\" content=\"es_ES\" \/>\n<meta property=\"og:type\" content=\"article\" \/>\n<meta property=\"og:title\" content=\"Cursos de idiomas en l\u00ednea | Aprende con Fluency Academy\" \/>\n<meta property=\"og:description\" content=\"Descubre cursos de idiomas en l\u00ednea con Fluency Academy. Aprende f\u00e1cil y r\u00e1pido. \u00a1Inscr\u00edbete y comienza hoy mismo!\" \/>\n<meta property=\"og:url\" content=\"https:\/\/fluency.io\/es\/cursos\/\" \/>\n<meta property=\"og:site_name\" content=\"Fluency.io Espanhol\" \/>\n<meta property=\"article:modified_time\" content=\"2025-01-17T10:11:56+00:00\" \/>\n<meta name=\"twitter:card\" content=\"summary_large_image\" \/>\n<script type=\"application\/ld+json\" class=\"yoast-schema-graph\">{\"@context\":\"https:\/\/schema.org\",\"@graph\":[{\"@type\":\"WebPage\",\"@id\":\"https:\/\/fluency.io\/es\/cursos\/\",\"url\":\"https:\/\/fluency.io\/es\/cursos\/\",\"name\":\"Cursos de idiomas en l\u00ednea | Aprende con Fluency Academy\",\"isPartOf\":{\"@id\":\"https:\/\/fluency.io\/es\/#website\"},\"datePublished\":\"2024-05-06T19:23:44+00:00\",\"dateModified\":\"2025-01-17T10:11:56+00:00\",\"description\":\"Descubre cursos de idiomas en l\u00ednea con Fluency Academy. Aprende f\u00e1cil y r\u00e1pido. \u00a1Inscr\u00edbete y comienza hoy mismo!\",\"breadcrumb\":{\"@id\":\"https:\/\/fluency.io\/es\/cursos\/#breadcrumb\"},\"inLanguage\":\"es\",\"potentialAction\":[{\"@type\":\"ReadAction\",\"target\":[\"https:\/\/fluency.io\/es\/cursos\/\"]}]},{\"@type\":\"BreadcrumbList\",\"@id\":\"https:\/\/fluency.io\/es\/cursos\/#breadcrumb\",\"itemListElement\":[{\"@type\":\"ListItem\",\"position\":1,\"name\":\"Home\",\"item\":\"https:\/\/fluency.io\/es\/\"},{\"@type\":\"ListItem\",\"position\":2,\"name\":\"Cursos\"}]},{\"@type\":\"WebSite\",\"@id\":\"https:\/\/fluency.io\/es\/#website\",\"url\":\"https:\/\/fluency.io\/es\/\",\"name\":\"Fluency.io Espanhol\",\"description\":\"\",\"potentialAction\":[{\"@type\":\"SearchAction\",\"target\":{\"@type\":\"EntryPoint\",\"urlTemplate\":\"https:\/\/fluency.io\/es\/?s={search_term_string}\"},\"query-input\":{\"@type\":\"PropertyValueSpecification\",\"valueRequired\":true,\"valueName\":\"search_term_string\"}}],\"inLanguage\":\"es\"}]}<\/script>\n<!-- \/ Yoast SEO plugin. -->","yoast_head_json":{"title":"Cursos de idiomas en l\u00ednea | Aprende con Fluency Academy","description":"Descubre cursos de idiomas en l\u00ednea con Fluency Academy. Aprende f\u00e1cil y r\u00e1pido. \u00a1Inscr\u00edbete y comienza hoy mismo!","robots":{"index":"index","follow":"follow","max-snippet":"max-snippet:-1","max-image-preview":"max-image-preview:large","max-video-preview":"max-video-preview:-1"},"canonical":"https:\/\/fluency.io\/es\/cursos\/","og_locale":"es_ES","og_type":"article","og_title":"Cursos de idiomas en l\u00ednea | Aprende con Fluency Academy","og_description":"Descubre cursos de idiomas en l\u00ednea con Fluency Academy. Aprende f\u00e1cil y r\u00e1pido. \u00a1Inscr\u00edbete y comienza hoy mismo!","og_url":"https:\/\/fluency.io\/es\/cursos\/","og_site_name":"Fluency.io Espanhol","article_modified_time":"2025-01-17T10:11:56+00:00","twitter_card":"summary_large_image","schema":{"@context":"https:\/\/schema.org","@graph":[{"@type":"WebPage","@id":"https:\/\/fluency.io\/es\/cursos\/","url":"https:\/\/fluency.io\/es\/cursos\/","name":"Cursos de idiomas en l\u00ednea | Aprende con Fluency Academy","isPartOf":{"@id":"https:\/\/fluency.io\/es\/#website"},"datePublished":"2024-05-06T19:23:44+00:00","dateModified":"2025-01-17T10:11:56+00:00","description":"Descubre cursos de idiomas en l\u00ednea con Fluency Academy. Aprende f\u00e1cil y r\u00e1pido. \u00a1Inscr\u00edbete y comienza hoy mismo!","breadcrumb":{"@id":"https:\/\/fluency.io\/es\/cursos\/#breadcrumb"},"inLanguage":"es","potentialAction":[{"@type":"ReadAction","target":["https:\/\/fluency.io\/es\/cursos\/"]}]},{"@type":"BreadcrumbList","@id":"https:\/\/fluency.io\/es\/cursos\/#breadcrumb","itemListElement":[{"@type":"ListItem","position":1,"name":"Home","item":"https:\/\/fluency.io\/es\/"},{"@type":"ListItem","position":2,"name":"Cursos"}]},{"@type":"WebSite","@id":"https:\/\/fluency.io\/es\/#website","url":"https:\/\/fluency.io\/es\/","name":"Fluency.io Espanhol","description":"","potentialAction":[{"@type":"SearchAction","target":{"@type":"EntryPoint","urlTemplate":"https:\/\/fluency.io\/es\/?s={search_term_string}"},"query-input":{"@type":"PropertyValueSpecification","valueRequired":true,"valueName":"search_term_string"}}],"inLanguage":"es"}]}},"_links":{"self":[{"href":"https:\/\/fluency.io\/es\/wp-json\/wp\/v2\/pages\/51415","targetHints":{"allow":["GET"]}}],"collection":[{"href":"https:\/\/fluency.io\/es\/wp-json\/wp\/v2\/pages"}],"about":[{"href":"https:\/\/fluency.io\/es\/wp-json\/wp\/v2\/types\/page"}],"author":[{"embeddable":true,"href":"https:\/\/fluency.io\/es\/wp-json\/wp\/v2\/users\/5"}],"replies":[{"embeddable":true,"href":"https:\/\/fluency.io\/es\/wp-json\/wp\/v2\/comments?post=51415"}],"version-history":[{"count":4,"href":"https:\/\/fluency.io\/es\/wp-json\/wp\/v2\/pages\/51415\/revisions"}],"predecessor-version":[{"id":55881,"href":"https:\/\/fluency.io\/es\/wp-json\/wp\/v2\/pages\/51415\/revisions\/55881"}],"wp:attachment":[{"href":"https:\/\/fluency.io\/es\/wp-json\/wp\/v2\/media?parent=51415"}],"curies":[{"name":"wp","href":"https:\/\/api.w.org\/{rel}","templated":true}]}}