{"id":51827,"date":"2024-05-22T21:35:44","date_gmt":"2024-05-22T21:35:44","guid":{"rendered":"https:\/\/fluency.io\/es\/?page_id=51827"},"modified":"2026-01-30T12:30:19","modified_gmt":"2026-01-30T15:30:19","slug":"italiano","status":"publish","type":"page","link":"https:\/\/fluency.io\/es\/cursos\/italiano\/","title":{"rendered":"Curso de Italiano"},"content":{"rendered":"","protected":false},"excerpt":{"rendered":"","protected":false},"author":9,"featured_media":0,"parent":51415,"menu_order":0,"comment_status":"closed","ping_status":"closed","template":"template-cursos-geral.php","meta":{"inline_featured_image":false,"footnotes":""},"class_list":["post-51827","page","type-page","status-publish","hentry"],"acf":[],"yoast_head":"<!-- This site is optimized with the Yoast SEO plugin v26.6 - https:\/\/yoast.com\/wordpress\/plugins\/seo\/ -->\n<title>Curso de italiano en l\u00ednea | Aprende con Fluency Academy<\/title>\n<meta name=\"description\" content=\"Domina el italiano con clases pr\u00e1cticas y divertidas. Aprende a tu ritmo en l\u00ednea con Fluency Academy. \u00a1Inscr\u00edbete hoy!\" \/>\n<meta name=\"robots\" content=\"index, follow, max-snippet:-1, max-image-preview:large, max-video-preview:-1\" \/>\n<link rel=\"canonical\" href=\"https:\/\/fluency.io\/es\/cursos\/italiano\/\" \/>\n<meta property=\"og:locale\" content=\"es_ES\" \/>\n<meta property=\"og:type\" content=\"article\" \/>\n<meta property=\"og:title\" content=\"Curso de italiano en l\u00ednea | Aprende con Fluency Academy\" \/>\n<meta property=\"og:description\" content=\"Domina el italiano con clases pr\u00e1cticas y divertidas. Aprende a tu ritmo en l\u00ednea con Fluency Academy. \u00a1Inscr\u00edbete hoy!\" \/>\n<meta property=\"og:url\" content=\"https:\/\/fluency.io\/es\/cursos\/italiano\/\" \/>\n<meta property=\"og:site_name\" content=\"Fluency.io Espanhol\" \/>\n<meta property=\"article:modified_time\" content=\"2026-01-30T15:30:19+00:00\" \/>\n<meta name=\"twitter:card\" content=\"summary_large_image\" \/>\n<meta name=\"twitter:label1\" content=\"Tiempo de lectura\" \/>\n\t<meta name=\"twitter:data1\" content=\"11 minutos\" \/>\n<script type=\"application\/ld+json\" class=\"yoast-schema-graph\">{\"@context\":\"https:\/\/schema.org\",\"@graph\":[{\"@type\":\"WebPage\",\"@id\":\"https:\/\/fluency.io\/es\/cursos\/italiano\/\",\"url\":\"https:\/\/fluency.io\/es\/cursos\/italiano\/\",\"name\":\"Curso de italiano en l\u00ednea | Aprende con Fluency Academy\",\"isPartOf\":{\"@id\":\"https:\/\/fluency.io\/es\/#website\"},\"datePublished\":\"2024-05-22T21:35:44+00:00\",\"dateModified\":\"2026-01-30T15:30:19+00:00\",\"description\":\"Domina el italiano con clases pr\u00e1cticas y divertidas. Aprende a tu ritmo en l\u00ednea con Fluency Academy. \u00a1Inscr\u00edbete hoy!\",\"breadcrumb\":{\"@id\":\"https:\/\/fluency.io\/es\/cursos\/italiano\/#breadcrumb\"},\"inLanguage\":\"es\",\"potentialAction\":[{\"@type\":\"ReadAction\",\"target\":[\"https:\/\/fluency.io\/es\/cursos\/italiano\/\"]}]},{\"@type\":\"BreadcrumbList\",\"@id\":\"https:\/\/fluency.io\/es\/cursos\/italiano\/#breadcrumb\",\"itemListElement\":[{\"@type\":\"ListItem\",\"position\":1,\"name\":\"Home\",\"item\":\"https:\/\/fluency.io\/es\/\"},{\"@type\":\"ListItem\",\"position\":2,\"name\":\"Cursos\",\"item\":\"https:\/\/fluency.io\/es\/cursos\/\"},{\"@type\":\"ListItem\",\"position\":3,\"name\":\"Curso de Italiano\"}]},{\"@type\":\"WebSite\",\"@id\":\"https:\/\/fluency.io\/es\/#website\",\"url\":\"https:\/\/fluency.io\/es\/\",\"name\":\"Fluency.io Espanhol\",\"description\":\"\",\"potentialAction\":[{\"@type\":\"SearchAction\",\"target\":{\"@type\":\"EntryPoint\",\"urlTemplate\":\"https:\/\/fluency.io\/es\/?s={search_term_string}\"},\"query-input\":{\"@type\":\"PropertyValueSpecification\",\"valueRequired\":true,\"valueName\":\"search_term_string\"}}],\"inLanguage\":\"es\"}]}<\/script>\n<!-- \/ Yoast SEO plugin. -->","yoast_head_json":{"title":"Curso de italiano en l\u00ednea | Aprende con Fluency Academy","description":"Domina el italiano con clases pr\u00e1cticas y divertidas. Aprende a tu ritmo en l\u00ednea con Fluency Academy. \u00a1Inscr\u00edbete hoy!","robots":{"index":"index","follow":"follow","max-snippet":"max-snippet:-1","max-image-preview":"max-image-preview:large","max-video-preview":"max-video-preview:-1"},"canonical":"https:\/\/fluency.io\/es\/cursos\/italiano\/","og_locale":"es_ES","og_type":"article","og_title":"Curso de italiano en l\u00ednea | Aprende con Fluency Academy","og_description":"Domina el italiano con clases pr\u00e1cticas y divertidas. Aprende a tu ritmo en l\u00ednea con Fluency Academy. \u00a1Inscr\u00edbete hoy!","og_url":"https:\/\/fluency.io\/es\/cursos\/italiano\/","og_site_name":"Fluency.io Espanhol","article_modified_time":"2026-01-30T15:30:19+00:00","twitter_card":"summary_large_image","twitter_misc":{"Tiempo de lectura":"11 minutos"},"schema":{"@context":"https:\/\/schema.org","@graph":[{"@type":"WebPage","@id":"https:\/\/fluency.io\/es\/cursos\/italiano\/","url":"https:\/\/fluency.io\/es\/cursos\/italiano\/","name":"Curso de italiano en l\u00ednea | Aprende con Fluency Academy","isPartOf":{"@id":"https:\/\/fluency.io\/es\/#website"},"datePublished":"2024-05-22T21:35:44+00:00","dateModified":"2026-01-30T15:30:19+00:00","description":"Domina el italiano con clases pr\u00e1cticas y divertidas. Aprende a tu ritmo en l\u00ednea con Fluency Academy. \u00a1Inscr\u00edbete hoy!","breadcrumb":{"@id":"https:\/\/fluency.io\/es\/cursos\/italiano\/#breadcrumb"},"inLanguage":"es","potentialAction":[{"@type":"ReadAction","target":["https:\/\/fluency.io\/es\/cursos\/italiano\/"]}]},{"@type":"BreadcrumbList","@id":"https:\/\/fluency.io\/es\/cursos\/italiano\/#breadcrumb","itemListElement":[{"@type":"ListItem","position":1,"name":"Home","item":"https:\/\/fluency.io\/es\/"},{"@type":"ListItem","position":2,"name":"Cursos","item":"https:\/\/fluency.io\/es\/cursos\/"},{"@type":"ListItem","position":3,"name":"Curso de Italiano"}]},{"@type":"WebSite","@id":"https:\/\/fluency.io\/es\/#website","url":"https:\/\/fluency.io\/es\/","name":"Fluency.io Espanhol","description":"","potentialAction":[{"@type":"SearchAction","target":{"@type":"EntryPoint","urlTemplate":"https:\/\/fluency.io\/es\/?s={search_term_string}"},"query-input":{"@type":"PropertyValueSpecification","valueRequired":true,"valueName":"search_term_string"}}],"inLanguage":"es"}]}},"_links":{"self":[{"href":"https:\/\/fluency.io\/es\/wp-json\/wp\/v2\/pages\/51827","targetHints":{"allow":["GET"]}}],"collection":[{"href":"https:\/\/fluency.io\/es\/wp-json\/wp\/v2\/pages"}],"about":[{"href":"https:\/\/fluency.io\/es\/wp-json\/wp\/v2\/types\/page"}],"author":[{"embeddable":true,"href":"https:\/\/fluency.io\/es\/wp-json\/wp\/v2\/users\/9"}],"replies":[{"embeddable":true,"href":"https:\/\/fluency.io\/es\/wp-json\/wp\/v2\/comments?post=51827"}],"version-history":[{"count":15,"href":"https:\/\/fluency.io\/es\/wp-json\/wp\/v2\/pages\/51827\/revisions"}],"predecessor-version":[{"id":99595,"href":"https:\/\/fluency.io\/es\/wp-json\/wp\/v2\/pages\/51827\/revisions\/99595"}],"up":[{"embeddable":true,"href":"https:\/\/fluency.io\/es\/wp-json\/wp\/v2\/pages\/51415"}],"wp:attachment":[{"href":"https:\/\/fluency.io\/es\/wp-json\/wp\/v2\/media?parent=51827"}],"curies":[{"name":"wp","href":"https:\/\/api.w.org\/{rel}","templated":true}]}}