{"id":51846,"date":"2024-05-22T21:53:43","date_gmt":"2024-05-22T21:53:43","guid":{"rendered":"https:\/\/fluency.io\/es\/?page_id=51846"},"modified":"2026-01-30T12:29:13","modified_gmt":"2026-01-30T15:29:13","slug":"frances","status":"publish","type":"page","link":"https:\/\/fluency.io\/es\/cursos\/frances\/","title":{"rendered":"Curso de Franc\u00e9s"},"content":{"rendered":"","protected":false},"excerpt":{"rendered":"","protected":false},"author":9,"featured_media":0,"parent":51415,"menu_order":0,"comment_status":"closed","ping_status":"closed","template":"template-cursos-geral.php","meta":{"inline_featured_image":false,"footnotes":""},"class_list":["post-51846","page","type-page","status-publish","hentry"],"acf":[],"yoast_head":"<!-- This site is optimized with the Yoast SEO plugin v26.6 - https:\/\/yoast.com\/wordpress\/plugins\/seo\/ -->\n<title>Curso de franc\u00e9s en l\u00ednea | Aprende f\u00e1cil y r\u00e1pido con Fluency<\/title>\n<meta name=\"description\" content=\"Domina el franc\u00e9s con clases pr\u00e1cticas y divertidas en l\u00ednea. Aprende a tu ritmo con Fluency Academy. \u00a1Inscr\u00edbete ahora!\" \/>\n<meta name=\"robots\" content=\"index, follow, max-snippet:-1, max-image-preview:large, max-video-preview:-1\" \/>\n<link rel=\"canonical\" href=\"https:\/\/fluency.io\/es\/cursos\/frances\/\" \/>\n<meta property=\"og:locale\" content=\"es_ES\" \/>\n<meta property=\"og:type\" content=\"article\" \/>\n<meta property=\"og:title\" content=\"Curso de franc\u00e9s en l\u00ednea | Aprende f\u00e1cil y r\u00e1pido con Fluency\" \/>\n<meta property=\"og:description\" content=\"Domina el franc\u00e9s con clases pr\u00e1cticas y divertidas en l\u00ednea. Aprende a tu ritmo con Fluency Academy. \u00a1Inscr\u00edbete ahora!\" \/>\n<meta property=\"og:url\" content=\"https:\/\/fluency.io\/es\/cursos\/frances\/\" \/>\n<meta property=\"og:site_name\" content=\"Fluency.io Espanhol\" \/>\n<meta property=\"article:modified_time\" content=\"2026-01-30T15:29:13+00:00\" \/>\n<meta name=\"twitter:card\" content=\"summary_large_image\" \/>\n<meta name=\"twitter:label1\" content=\"Tiempo de lectura\" \/>\n\t<meta name=\"twitter:data1\" content=\"12 minutos\" \/>\n<script type=\"application\/ld+json\" class=\"yoast-schema-graph\">{\"@context\":\"https:\/\/schema.org\",\"@graph\":[{\"@type\":\"WebPage\",\"@id\":\"https:\/\/fluency.io\/es\/cursos\/frances\/\",\"url\":\"https:\/\/fluency.io\/es\/cursos\/frances\/\",\"name\":\"Curso de franc\u00e9s en l\u00ednea | Aprende f\u00e1cil y r\u00e1pido con Fluency\",\"isPartOf\":{\"@id\":\"https:\/\/fluency.io\/es\/#website\"},\"datePublished\":\"2024-05-22T21:53:43+00:00\",\"dateModified\":\"2026-01-30T15:29:13+00:00\",\"description\":\"Domina el franc\u00e9s con clases pr\u00e1cticas y divertidas en l\u00ednea. Aprende a tu ritmo con Fluency Academy. \u00a1Inscr\u00edbete ahora!\",\"breadcrumb\":{\"@id\":\"https:\/\/fluency.io\/es\/cursos\/frances\/#breadcrumb\"},\"inLanguage\":\"es\",\"potentialAction\":[{\"@type\":\"ReadAction\",\"target\":[\"https:\/\/fluency.io\/es\/cursos\/frances\/\"]}]},{\"@type\":\"BreadcrumbList\",\"@id\":\"https:\/\/fluency.io\/es\/cursos\/frances\/#breadcrumb\",\"itemListElement\":[{\"@type\":\"ListItem\",\"position\":1,\"name\":\"Home\",\"item\":\"https:\/\/fluency.io\/es\/\"},{\"@type\":\"ListItem\",\"position\":2,\"name\":\"Cursos\",\"item\":\"https:\/\/fluency.io\/es\/cursos\/\"},{\"@type\":\"ListItem\",\"position\":3,\"name\":\"Curso de Franc\u00e9s\"}]},{\"@type\":\"WebSite\",\"@id\":\"https:\/\/fluency.io\/es\/#website\",\"url\":\"https:\/\/fluency.io\/es\/\",\"name\":\"Fluency.io Espanhol\",\"description\":\"\",\"potentialAction\":[{\"@type\":\"SearchAction\",\"target\":{\"@type\":\"EntryPoint\",\"urlTemplate\":\"https:\/\/fluency.io\/es\/?s={search_term_string}\"},\"query-input\":{\"@type\":\"PropertyValueSpecification\",\"valueRequired\":true,\"valueName\":\"search_term_string\"}}],\"inLanguage\":\"es\"}]}<\/script>\n<!-- \/ Yoast SEO plugin. -->","yoast_head_json":{"title":"Curso de franc\u00e9s en l\u00ednea | Aprende f\u00e1cil y r\u00e1pido con Fluency","description":"Domina el franc\u00e9s con clases pr\u00e1cticas y divertidas en l\u00ednea. Aprende a tu ritmo con Fluency Academy. \u00a1Inscr\u00edbete ahora!","robots":{"index":"index","follow":"follow","max-snippet":"max-snippet:-1","max-image-preview":"max-image-preview:large","max-video-preview":"max-video-preview:-1"},"canonical":"https:\/\/fluency.io\/es\/cursos\/frances\/","og_locale":"es_ES","og_type":"article","og_title":"Curso de franc\u00e9s en l\u00ednea | Aprende f\u00e1cil y r\u00e1pido con Fluency","og_description":"Domina el franc\u00e9s con clases pr\u00e1cticas y divertidas en l\u00ednea. Aprende a tu ritmo con Fluency Academy. \u00a1Inscr\u00edbete ahora!","og_url":"https:\/\/fluency.io\/es\/cursos\/frances\/","og_site_name":"Fluency.io Espanhol","article_modified_time":"2026-01-30T15:29:13+00:00","twitter_card":"summary_large_image","twitter_misc":{"Tiempo de lectura":"12 minutos"},"schema":{"@context":"https:\/\/schema.org","@graph":[{"@type":"WebPage","@id":"https:\/\/fluency.io\/es\/cursos\/frances\/","url":"https:\/\/fluency.io\/es\/cursos\/frances\/","name":"Curso de franc\u00e9s en l\u00ednea | Aprende f\u00e1cil y r\u00e1pido con Fluency","isPartOf":{"@id":"https:\/\/fluency.io\/es\/#website"},"datePublished":"2024-05-22T21:53:43+00:00","dateModified":"2026-01-30T15:29:13+00:00","description":"Domina el franc\u00e9s con clases pr\u00e1cticas y divertidas en l\u00ednea. Aprende a tu ritmo con Fluency Academy. \u00a1Inscr\u00edbete ahora!","breadcrumb":{"@id":"https:\/\/fluency.io\/es\/cursos\/frances\/#breadcrumb"},"inLanguage":"es","potentialAction":[{"@type":"ReadAction","target":["https:\/\/fluency.io\/es\/cursos\/frances\/"]}]},{"@type":"BreadcrumbList","@id":"https:\/\/fluency.io\/es\/cursos\/frances\/#breadcrumb","itemListElement":[{"@type":"ListItem","position":1,"name":"Home","item":"https:\/\/fluency.io\/es\/"},{"@type":"ListItem","position":2,"name":"Cursos","item":"https:\/\/fluency.io\/es\/cursos\/"},{"@type":"ListItem","position":3,"name":"Curso de Franc\u00e9s"}]},{"@type":"WebSite","@id":"https:\/\/fluency.io\/es\/#website","url":"https:\/\/fluency.io\/es\/","name":"Fluency.io Espanhol","description":"","potentialAction":[{"@type":"SearchAction","target":{"@type":"EntryPoint","urlTemplate":"https:\/\/fluency.io\/es\/?s={search_term_string}"},"query-input":{"@type":"PropertyValueSpecification","valueRequired":true,"valueName":"search_term_string"}}],"inLanguage":"es"}]}},"_links":{"self":[{"href":"https:\/\/fluency.io\/es\/wp-json\/wp\/v2\/pages\/51846","targetHints":{"allow":["GET"]}}],"collection":[{"href":"https:\/\/fluency.io\/es\/wp-json\/wp\/v2\/pages"}],"about":[{"href":"https:\/\/fluency.io\/es\/wp-json\/wp\/v2\/types\/page"}],"author":[{"embeddable":true,"href":"https:\/\/fluency.io\/es\/wp-json\/wp\/v2\/users\/9"}],"replies":[{"embeddable":true,"href":"https:\/\/fluency.io\/es\/wp-json\/wp\/v2\/comments?post=51846"}],"version-history":[{"count":9,"href":"https:\/\/fluency.io\/es\/wp-json\/wp\/v2\/pages\/51846\/revisions"}],"predecessor-version":[{"id":99594,"href":"https:\/\/fluency.io\/es\/wp-json\/wp\/v2\/pages\/51846\/revisions\/99594"}],"up":[{"embeddable":true,"href":"https:\/\/fluency.io\/es\/wp-json\/wp\/v2\/pages\/51415"}],"wp:attachment":[{"href":"https:\/\/fluency.io\/es\/wp-json\/wp\/v2\/media?parent=51846"}],"curies":[{"name":"wp","href":"https:\/\/api.w.org\/{rel}","templated":true}]}}