{"id":52702,"date":"2024-06-21T04:59:18","date_gmt":"2024-06-21T04:59:18","guid":{"rendered":"https:\/\/fluency.io\/es\/?page_id=52702"},"modified":"2025-01-17T11:33:51","modified_gmt":"2025-01-17T11:33:51","slug":"memhack","status":"publish","type":"page","link":"https:\/\/fluency.io\/es\/memhack\/","title":{"rendered":"Memhack"},"content":{"rendered":"","protected":false},"excerpt":{"rendered":"","protected":false},"author":5,"featured_media":0,"parent":0,"menu_order":0,"comment_status":"closed","ping_status":"closed","template":"templates-latam\/template-memhack-latam.php","meta":{"inline_featured_image":false,"footnotes":""},"class_list":["post-52702","page","type-page","status-publish","hentry"],"acf":[],"yoast_head":"<!-- This site is optimized with the Yoast SEO plugin v26.6 - https:\/\/yoast.com\/wordpress\/plugins\/seo\/ -->\n<title>MemHack: La mejor app para memorizaci\u00f3n r\u00e1pida y efectiva<\/title>\n<meta name=\"description\" content=\"Mejora tu memoria con MemHack. T\u00e9cnicas avanzadas para aprender r\u00e1pido y retener informaci\u00f3n. \u00a1Desc\u00e1rgala ahora!\" \/>\n<meta name=\"robots\" content=\"index, follow, max-snippet:-1, max-image-preview:large, max-video-preview:-1\" \/>\n<link rel=\"canonical\" href=\"https:\/\/fluency.io\/es\/memhack\/\" \/>\n<meta property=\"og:locale\" content=\"es_ES\" \/>\n<meta property=\"og:type\" content=\"article\" \/>\n<meta property=\"og:title\" content=\"MemHack: La mejor app para memorizaci\u00f3n r\u00e1pida y efectiva\" \/>\n<meta property=\"og:description\" content=\"Mejora tu memoria con MemHack. T\u00e9cnicas avanzadas para aprender r\u00e1pido y retener informaci\u00f3n. \u00a1Desc\u00e1rgala ahora!\" \/>\n<meta property=\"og:url\" content=\"https:\/\/fluency.io\/es\/memhack\/\" \/>\n<meta property=\"og:site_name\" content=\"Fluency.io Espanhol\" \/>\n<meta property=\"article:modified_time\" content=\"2025-01-17T11:33:51+00:00\" \/>\n<meta name=\"twitter:card\" content=\"summary_large_image\" \/>\n<script type=\"application\/ld+json\" class=\"yoast-schema-graph\">{\"@context\":\"https:\/\/schema.org\",\"@graph\":[{\"@type\":\"WebPage\",\"@id\":\"https:\/\/fluency.io\/es\/memhack\/\",\"url\":\"https:\/\/fluency.io\/es\/memhack\/\",\"name\":\"MemHack: La mejor app para memorizaci\u00f3n r\u00e1pida y efectiva\",\"isPartOf\":{\"@id\":\"https:\/\/fluency.io\/es\/#website\"},\"datePublished\":\"2024-06-21T04:59:18+00:00\",\"dateModified\":\"2025-01-17T11:33:51+00:00\",\"description\":\"Mejora tu memoria con MemHack. T\u00e9cnicas avanzadas para aprender r\u00e1pido y retener informaci\u00f3n. \u00a1Desc\u00e1rgala ahora!\",\"breadcrumb\":{\"@id\":\"https:\/\/fluency.io\/es\/memhack\/#breadcrumb\"},\"inLanguage\":\"es\",\"potentialAction\":[{\"@type\":\"ReadAction\",\"target\":[\"https:\/\/fluency.io\/es\/memhack\/\"]}]},{\"@type\":\"BreadcrumbList\",\"@id\":\"https:\/\/fluency.io\/es\/memhack\/#breadcrumb\",\"itemListElement\":[{\"@type\":\"ListItem\",\"position\":1,\"name\":\"Home\",\"item\":\"https:\/\/fluency.io\/es\/\"},{\"@type\":\"ListItem\",\"position\":2,\"name\":\"Memhack\"}]},{\"@type\":\"WebSite\",\"@id\":\"https:\/\/fluency.io\/es\/#website\",\"url\":\"https:\/\/fluency.io\/es\/\",\"name\":\"Fluency.io Espanhol\",\"description\":\"\",\"potentialAction\":[{\"@type\":\"SearchAction\",\"target\":{\"@type\":\"EntryPoint\",\"urlTemplate\":\"https:\/\/fluency.io\/es\/?s={search_term_string}\"},\"query-input\":{\"@type\":\"PropertyValueSpecification\",\"valueRequired\":true,\"valueName\":\"search_term_string\"}}],\"inLanguage\":\"es\"}]}<\/script>\n<!-- \/ Yoast SEO plugin. -->","yoast_head_json":{"title":"MemHack: La mejor app para memorizaci\u00f3n r\u00e1pida y efectiva","description":"Mejora tu memoria con MemHack. T\u00e9cnicas avanzadas para aprender r\u00e1pido y retener informaci\u00f3n. \u00a1Desc\u00e1rgala ahora!","robots":{"index":"index","follow":"follow","max-snippet":"max-snippet:-1","max-image-preview":"max-image-preview:large","max-video-preview":"max-video-preview:-1"},"canonical":"https:\/\/fluency.io\/es\/memhack\/","og_locale":"es_ES","og_type":"article","og_title":"MemHack: La mejor app para memorizaci\u00f3n r\u00e1pida y efectiva","og_description":"Mejora tu memoria con MemHack. T\u00e9cnicas avanzadas para aprender r\u00e1pido y retener informaci\u00f3n. \u00a1Desc\u00e1rgala ahora!","og_url":"https:\/\/fluency.io\/es\/memhack\/","og_site_name":"Fluency.io Espanhol","article_modified_time":"2025-01-17T11:33:51+00:00","twitter_card":"summary_large_image","schema":{"@context":"https:\/\/schema.org","@graph":[{"@type":"WebPage","@id":"https:\/\/fluency.io\/es\/memhack\/","url":"https:\/\/fluency.io\/es\/memhack\/","name":"MemHack: La mejor app para memorizaci\u00f3n r\u00e1pida y efectiva","isPartOf":{"@id":"https:\/\/fluency.io\/es\/#website"},"datePublished":"2024-06-21T04:59:18+00:00","dateModified":"2025-01-17T11:33:51+00:00","description":"Mejora tu memoria con MemHack. T\u00e9cnicas avanzadas para aprender r\u00e1pido y retener informaci\u00f3n. \u00a1Desc\u00e1rgala ahora!","breadcrumb":{"@id":"https:\/\/fluency.io\/es\/memhack\/#breadcrumb"},"inLanguage":"es","potentialAction":[{"@type":"ReadAction","target":["https:\/\/fluency.io\/es\/memhack\/"]}]},{"@type":"BreadcrumbList","@id":"https:\/\/fluency.io\/es\/memhack\/#breadcrumb","itemListElement":[{"@type":"ListItem","position":1,"name":"Home","item":"https:\/\/fluency.io\/es\/"},{"@type":"ListItem","position":2,"name":"Memhack"}]},{"@type":"WebSite","@id":"https:\/\/fluency.io\/es\/#website","url":"https:\/\/fluency.io\/es\/","name":"Fluency.io Espanhol","description":"","potentialAction":[{"@type":"SearchAction","target":{"@type":"EntryPoint","urlTemplate":"https:\/\/fluency.io\/es\/?s={search_term_string}"},"query-input":{"@type":"PropertyValueSpecification","valueRequired":true,"valueName":"search_term_string"}}],"inLanguage":"es"}]}},"_links":{"self":[{"href":"https:\/\/fluency.io\/es\/wp-json\/wp\/v2\/pages\/52702","targetHints":{"allow":["GET"]}}],"collection":[{"href":"https:\/\/fluency.io\/es\/wp-json\/wp\/v2\/pages"}],"about":[{"href":"https:\/\/fluency.io\/es\/wp-json\/wp\/v2\/types\/page"}],"author":[{"embeddable":true,"href":"https:\/\/fluency.io\/es\/wp-json\/wp\/v2\/users\/5"}],"replies":[{"embeddable":true,"href":"https:\/\/fluency.io\/es\/wp-json\/wp\/v2\/comments?post=52702"}],"version-history":[{"count":4,"href":"https:\/\/fluency.io\/es\/wp-json\/wp\/v2\/pages\/52702\/revisions"}],"predecessor-version":[{"id":55886,"href":"https:\/\/fluency.io\/es\/wp-json\/wp\/v2\/pages\/52702\/revisions\/55886"}],"wp:attachment":[{"href":"https:\/\/fluency.io\/es\/wp-json\/wp\/v2\/media?parent=52702"}],"curies":[{"name":"wp","href":"https:\/\/api.w.org\/{rel}","templated":true}]}}